{"id":102,"date":"2025-08-05T20:05:49","date_gmt":"2025-08-05T20:05:49","guid":{"rendered":"https:\/\/transparencia.pihuamo.gob.mx\/?page_id=102"},"modified":"2025-08-05T20:05:49","modified_gmt":"2025-08-05T20:05:49","slug":"a-los-apartados-del-plan-nacional-de-desarrollo-que-sirve-de-marco-general-a-la-planeacion-de-las-areas-relativas-a-las-funciones-del-sujeto-obligado","status":"publish","type":"page","link":"https:\/\/transparencia.pihuamo.gob.mx\/index.php\/a-los-apartados-del-plan-nacional-de-desarrollo-que-sirve-de-marco-general-a-la-planeacion-de-las-areas-relativas-a-las-funciones-del-sujeto-obligado\/","title":{"rendered":"a) Los apartados del Plan Nacional de Desarrollo que sirve de marco general a la planeaci\u00f3n de las \u00e1reas relativas a las funciones del sujeto obligado;"},"content":{"rendered":"<blockquote class=\"wp-embedded-content\" data-secret=\"yzXnPRIcNr\"><p><a href=\"https:\/\/stjjalisco.gob.mx\/los-apartados-del-plan-nacional-de-desarrollo-que-sirve-de-marco-general-a-la-planeacion-de-las-areas-relativas-a-las-funciones-del-sujeto-obligado\/\">Los apartados del Plan Nacional de Desarrollo que sirve de marco general a la planeaci\u00f3n de las \u00e1reas relativas a las funciones del sujeto obligado<\/a><\/p><\/blockquote>\n<p><iframe loading=\"lazy\" class=\"wp-embedded-content\" sandbox=\"allow-scripts\" security=\"restricted\" style=\"position: absolute; visibility: hidden;\" title=\"&#8220;Los apartados del Plan Nacional de Desarrollo que sirve de marco general a la planeaci\u00f3n de las \u00e1reas relativas a las funciones del sujeto obligado&#8221; &#8212; Supremo Tribunal de Justicia del Estado de Jalisco\" src=\"https:\/\/stjjalisco.gob.mx\/los-apartados-del-plan-nacional-de-desarrollo-que-sirve-de-marco-general-a-la-planeacion-de-las-areas-relativas-a-las-funciones-del-sujeto-obligado\/embed\/#?secret=QgNzhGNWqg#?secret=yzXnPRIcNr\" data-secret=\"yzXnPRIcNr\" width=\"600\" height=\"338\" frameborder=\"0\" marginwidth=\"0\" marginheight=\"0\" scrolling=\"no\"><\/iframe><\/p>\n","protected":false},"excerpt":{"rendered":"<p>Los apartados del Plan Nacional de Desarrollo que sirve de marco general a la planeaci\u00f3n de las \u00e1reas relativas a las funciones del sujeto obligado<\/p>\n","protected":false},"author":1,"featured_media":0,"parent":0,"menu_order":0,"comment_status":"closed","ping_status":"closed","template":"","meta":{"footnotes":""},"class_list":["post-102","page","type-page","status-publish","hentry"],"yoast_head":"<!-- This site is optimized with the Yoast SEO plugin v25.5 - https:\/\/yoast.com\/wordpress\/plugins\/seo\/ -->\n<title>a) Los apartados del Plan Nacional de Desarrollo que sirve de marco general a la planeaci\u00f3n de las \u00e1reas relativas a las funciones del sujeto obligado; - TRANSPARENCIA PIHUAMO<\/title>\n<meta name=\"robots\" content=\"index, follow, max-snippet:-1, max-image-preview:large, max-video-preview:-1\" \/>\n<link rel=\"canonical\" href=\"https:\/\/transparencia.pihuamo.gob.mx\/index.php\/a-los-apartados-del-plan-nacional-de-desarrollo-que-sirve-de-marco-general-a-la-planeacion-de-las-areas-relativas-a-las-funciones-del-sujeto-obligado\/\" \/>\n<meta property=\"og:locale\" content=\"es_ES\" \/>\n<meta property=\"og:type\" content=\"article\" \/>\n<meta property=\"og:title\" content=\"a) Los apartados del Plan Nacional de Desarrollo que sirve de marco general a la planeaci\u00f3n de las \u00e1reas relativas a las funciones del sujeto obligado; - TRANSPARENCIA PIHUAMO\" \/>\n<meta property=\"og:description\" content=\"Los apartados del Plan Nacional de Desarrollo que sirve de marco general a la planeaci\u00f3n de las \u00e1reas relativas a las funciones del sujeto obligado\" \/>\n<meta property=\"og:url\" content=\"https:\/\/transparencia.pihuamo.gob.mx\/index.php\/a-los-apartados-del-plan-nacional-de-desarrollo-que-sirve-de-marco-general-a-la-planeacion-de-las-areas-relativas-a-las-funciones-del-sujeto-obligado\/\" \/>\n<meta property=\"og:site_name\" content=\"TRANSPARENCIA PIHUAMO\" \/>\n<meta name=\"twitter:card\" content=\"summary_large_image\" \/>\n<meta name=\"twitter:label1\" content=\"Tiempo de lectura\" \/>\n\t<meta name=\"twitter:data1\" content=\"1 minuto\" \/>\n<script type=\"application\/ld+json\" class=\"yoast-schema-graph\">{\"@context\":\"https:\/\/schema.org\",\"@graph\":[{\"@type\":\"WebPage\",\"@id\":\"https:\/\/transparencia.pihuamo.gob.mx\/index.php\/a-los-apartados-del-plan-nacional-de-desarrollo-que-sirve-de-marco-general-a-la-planeacion-de-las-areas-relativas-a-las-funciones-del-sujeto-obligado\/\",\"url\":\"https:\/\/transparencia.pihuamo.gob.mx\/index.php\/a-los-apartados-del-plan-nacional-de-desarrollo-que-sirve-de-marco-general-a-la-planeacion-de-las-areas-relativas-a-las-funciones-del-sujeto-obligado\/\",\"name\":\"a) Los apartados del Plan Nacional de Desarrollo que sirve de marco general a la planeaci\u00f3n de las \u00e1reas relativas a las funciones del sujeto obligado; - TRANSPARENCIA PIHUAMO\",\"isPartOf\":{\"@id\":\"https:\/\/transparencia.pihuamo.gob.mx\/#website\"},\"datePublished\":\"2025-08-05T20:05:49+00:00\",\"breadcrumb\":{\"@id\":\"https:\/\/transparencia.pihuamo.gob.mx\/index.php\/a-los-apartados-del-plan-nacional-de-desarrollo-que-sirve-de-marco-general-a-la-planeacion-de-las-areas-relativas-a-las-funciones-del-sujeto-obligado\/#breadcrumb\"},\"inLanguage\":\"es\",\"potentialAction\":[{\"@type\":\"ReadAction\",\"target\":[\"https:\/\/transparencia.pihuamo.gob.mx\/index.php\/a-los-apartados-del-plan-nacional-de-desarrollo-que-sirve-de-marco-general-a-la-planeacion-de-las-areas-relativas-a-las-funciones-del-sujeto-obligado\/\"]}]},{\"@type\":\"BreadcrumbList\",\"@id\":\"https:\/\/transparencia.pihuamo.gob.mx\/index.php\/a-los-apartados-del-plan-nacional-de-desarrollo-que-sirve-de-marco-general-a-la-planeacion-de-las-areas-relativas-a-las-funciones-del-sujeto-obligado\/#breadcrumb\",\"itemListElement\":[{\"@type\":\"ListItem\",\"position\":1,\"name\":\"Portada\",\"item\":\"https:\/\/transparencia.pihuamo.gob.mx\/\"},{\"@type\":\"ListItem\",\"position\":2,\"name\":\"a) Los apartados del Plan Nacional de Desarrollo que sirve de marco general a la planeaci\u00f3n de las \u00e1reas relativas a las funciones del sujeto obligado;\"}]},{\"@type\":\"WebSite\",\"@id\":\"https:\/\/transparencia.pihuamo.gob.mx\/#website\",\"url\":\"https:\/\/transparencia.pihuamo.gob.mx\/\",\"name\":\"TRANSPARENCIA PIHUAMO\",\"description\":\"La Unidad de Transparencia del gobierno de Pihuamo, es el \u00e1rea encargada de recabar y difundir la informaci\u00f3n p\u00fablica relativa a las obligaciones de transparencia, recibir y dar tr\u00e1mite las solicitudes de acceso a la informaci\u00f3n.\",\"publisher\":{\"@id\":\"https:\/\/transparencia.pihuamo.gob.mx\/#organization\"},\"potentialAction\":[{\"@type\":\"SearchAction\",\"target\":{\"@type\":\"EntryPoint\",\"urlTemplate\":\"https:\/\/transparencia.pihuamo.gob.mx\/?s={search_term_string}\"},\"query-input\":{\"@type\":\"PropertyValueSpecification\",\"valueRequired\":true,\"valueName\":\"search_term_string\"}}],\"inLanguage\":\"es\"},{\"@type\":\"Organization\",\"@id\":\"https:\/\/transparencia.pihuamo.gob.mx\/#organization\",\"name\":\"TRANSPARENCIA PIHUAMO\",\"url\":\"https:\/\/transparencia.pihuamo.gob.mx\/\",\"logo\":{\"@type\":\"ImageObject\",\"inLanguage\":\"es\",\"@id\":\"https:\/\/transparencia.pihuamo.gob.mx\/#\/schema\/logo\/image\/\",\"url\":\"https:\/\/transparencia.pihuamo.gob.mx\/wp-content\/uploads\/2025\/07\/cropped-LOGO-AYUNTAMIENTO_Mesa-de-trabajo-1-scaled-1.png\",\"contentUrl\":\"https:\/\/transparencia.pihuamo.gob.mx\/wp-content\/uploads\/2025\/07\/cropped-LOGO-AYUNTAMIENTO_Mesa-de-trabajo-1-scaled-1.png\",\"width\":1976,\"height\":306,\"caption\":\"TRANSPARENCIA PIHUAMO\"},\"image\":{\"@id\":\"https:\/\/transparencia.pihuamo.gob.mx\/#\/schema\/logo\/image\/\"}}]}<\/script>\n<!-- \/ Yoast SEO plugin. -->","yoast_head_json":{"title":"a) Los apartados del Plan Nacional de Desarrollo que sirve de marco general a la planeaci\u00f3n de las \u00e1reas relativas a las funciones del sujeto obligado; - TRANSPARENCIA PIHUAMO","robots":{"index":"index","follow":"follow","max-snippet":"max-snippet:-1","max-image-preview":"max-image-preview:large","max-video-preview":"max-video-preview:-1"},"canonical":"https:\/\/transparencia.pihuamo.gob.mx\/index.php\/a-los-apartados-del-plan-nacional-de-desarrollo-que-sirve-de-marco-general-a-la-planeacion-de-las-areas-relativas-a-las-funciones-del-sujeto-obligado\/","og_locale":"es_ES","og_type":"article","og_title":"a) Los apartados del Plan Nacional de Desarrollo que sirve de marco general a la planeaci\u00f3n de las \u00e1reas relativas a las funciones del sujeto obligado; - TRANSPARENCIA PIHUAMO","og_description":"Los apartados del Plan Nacional de Desarrollo que sirve de marco general a la planeaci\u00f3n de las \u00e1reas relativas a las funciones del sujeto obligado","og_url":"https:\/\/transparencia.pihuamo.gob.mx\/index.php\/a-los-apartados-del-plan-nacional-de-desarrollo-que-sirve-de-marco-general-a-la-planeacion-de-las-areas-relativas-a-las-funciones-del-sujeto-obligado\/","og_site_name":"TRANSPARENCIA PIHUAMO","twitter_card":"summary_large_image","twitter_misc":{"Tiempo de lectura":"1 minuto"},"schema":{"@context":"https:\/\/schema.org","@graph":[{"@type":"WebPage","@id":"https:\/\/transparencia.pihuamo.gob.mx\/index.php\/a-los-apartados-del-plan-nacional-de-desarrollo-que-sirve-de-marco-general-a-la-planeacion-de-las-areas-relativas-a-las-funciones-del-sujeto-obligado\/","url":"https:\/\/transparencia.pihuamo.gob.mx\/index.php\/a-los-apartados-del-plan-nacional-de-desarrollo-que-sirve-de-marco-general-a-la-planeacion-de-las-areas-relativas-a-las-funciones-del-sujeto-obligado\/","name":"a) Los apartados del Plan Nacional de Desarrollo que sirve de marco general a la planeaci\u00f3n de las \u00e1reas relativas a las funciones del sujeto obligado; - TRANSPARENCIA PIHUAMO","isPartOf":{"@id":"https:\/\/transparencia.pihuamo.gob.mx\/#website"},"datePublished":"2025-08-05T20:05:49+00:00","breadcrumb":{"@id":"https:\/\/transparencia.pihuamo.gob.mx\/index.php\/a-los-apartados-del-plan-nacional-de-desarrollo-que-sirve-de-marco-general-a-la-planeacion-de-las-areas-relativas-a-las-funciones-del-sujeto-obligado\/#breadcrumb"},"inLanguage":"es","potentialAction":[{"@type":"ReadAction","target":["https:\/\/transparencia.pihuamo.gob.mx\/index.php\/a-los-apartados-del-plan-nacional-de-desarrollo-que-sirve-de-marco-general-a-la-planeacion-de-las-areas-relativas-a-las-funciones-del-sujeto-obligado\/"]}]},{"@type":"BreadcrumbList","@id":"https:\/\/transparencia.pihuamo.gob.mx\/index.php\/a-los-apartados-del-plan-nacional-de-desarrollo-que-sirve-de-marco-general-a-la-planeacion-de-las-areas-relativas-a-las-funciones-del-sujeto-obligado\/#breadcrumb","itemListElement":[{"@type":"ListItem","position":1,"name":"Portada","item":"https:\/\/transparencia.pihuamo.gob.mx\/"},{"@type":"ListItem","position":2,"name":"a) Los apartados del Plan Nacional de Desarrollo que sirve de marco general a la planeaci\u00f3n de las \u00e1reas relativas a las funciones del sujeto obligado;"}]},{"@type":"WebSite","@id":"https:\/\/transparencia.pihuamo.gob.mx\/#website","url":"https:\/\/transparencia.pihuamo.gob.mx\/","name":"TRANSPARENCIA PIHUAMO","description":"La Unidad de Transparencia del gobierno de Pihuamo, es el \u00e1rea encargada de recabar y difundir la informaci\u00f3n p\u00fablica relativa a las obligaciones de transparencia, recibir y dar tr\u00e1mite las solicitudes de acceso a la informaci\u00f3n.","publisher":{"@id":"https:\/\/transparencia.pihuamo.gob.mx\/#organization"},"potentialAction":[{"@type":"SearchAction","target":{"@type":"EntryPoint","urlTemplate":"https:\/\/transparencia.pihuamo.gob.mx\/?s={search_term_string}"},"query-input":{"@type":"PropertyValueSpecification","valueRequired":true,"valueName":"search_term_string"}}],"inLanguage":"es"},{"@type":"Organization","@id":"https:\/\/transparencia.pihuamo.gob.mx\/#organization","name":"TRANSPARENCIA PIHUAMO","url":"https:\/\/transparencia.pihuamo.gob.mx\/","logo":{"@type":"ImageObject","inLanguage":"es","@id":"https:\/\/transparencia.pihuamo.gob.mx\/#\/schema\/logo\/image\/","url":"https:\/\/transparencia.pihuamo.gob.mx\/wp-content\/uploads\/2025\/07\/cropped-LOGO-AYUNTAMIENTO_Mesa-de-trabajo-1-scaled-1.png","contentUrl":"https:\/\/transparencia.pihuamo.gob.mx\/wp-content\/uploads\/2025\/07\/cropped-LOGO-AYUNTAMIENTO_Mesa-de-trabajo-1-scaled-1.png","width":1976,"height":306,"caption":"TRANSPARENCIA PIHUAMO"},"image":{"@id":"https:\/\/transparencia.pihuamo.gob.mx\/#\/schema\/logo\/image\/"}}]}},"_links":{"self":[{"href":"https:\/\/transparencia.pihuamo.gob.mx\/index.php\/wp-json\/wp\/v2\/pages\/102","targetHints":{"allow":["GET"]}}],"collection":[{"href":"https:\/\/transparencia.pihuamo.gob.mx\/index.php\/wp-json\/wp\/v2\/pages"}],"about":[{"href":"https:\/\/transparencia.pihuamo.gob.mx\/index.php\/wp-json\/wp\/v2\/types\/page"}],"author":[{"embeddable":true,"href":"https:\/\/transparencia.pihuamo.gob.mx\/index.php\/wp-json\/wp\/v2\/users\/1"}],"replies":[{"embeddable":true,"href":"https:\/\/transparencia.pihuamo.gob.mx\/index.php\/wp-json\/wp\/v2\/comments?post=102"}],"version-history":[{"count":1,"href":"https:\/\/transparencia.pihuamo.gob.mx\/index.php\/wp-json\/wp\/v2\/pages\/102\/revisions"}],"predecessor-version":[{"id":103,"href":"https:\/\/transparencia.pihuamo.gob.mx\/index.php\/wp-json\/wp\/v2\/pages\/102\/revisions\/103"}],"wp:attachment":[{"href":"https:\/\/transparencia.pihuamo.gob.mx\/index.php\/wp-json\/wp\/v2\/media?parent=102"}],"curies":[{"name":"wp","href":"https:\/\/api.w.org\/{rel}","templated":true}]}}