{"id":114,"date":"2025-08-08T20:52:41","date_gmt":"2025-08-08T20:52:41","guid":{"rendered":"https:\/\/transparencia.pihuamo.gob.mx\/?page_id=114"},"modified":"2025-08-08T20:52:41","modified_gmt":"2025-08-08T20:52:41","slug":"f-las-evaluaciones-y-encuestas-que-hagan-los-sujetos-obligados-a-programas-financiados-con-recursos-publicos-y","status":"publish","type":"page","link":"https:\/\/transparencia.pihuamo.gob.mx\/index.php\/f-las-evaluaciones-y-encuestas-que-hagan-los-sujetos-obligados-a-programas-financiados-con-recursos-publicos-y\/","title":{"rendered":"f) Las evaluaciones y encuestas que hagan los sujetos obligados a programas financiados con recursos p\u00fablicos; y"},"content":{"rendered":"<p>La planeaci\u00f3n del desarrollo municipal es una actividad de racionalidad administrativa, encaminada a prever y adaptar arm\u00f3nicamente las actividades econ\u00f3micas con las necesidades b\u00e1sicas de la comunidad, como son, entre otras: &#8211; Educaci\u00f3n. &#8211; Salud. &#8211; Asistencia social. &#8211; Vivienda. &#8211; Servicios p\u00fablicos. &#8211; Mejoramiento de las comunidades rurales. A trav\u00e9s de la planeaci\u00f3n los ayuntamientos podr\u00e1n mejorar sus sistemas de trabajo y aplicar con mayor eficacia los recursos financieros que los gobiernos federal y estatales transfieren para el desarrollo de proyectos productivos y de beneficio social. El prop\u00f3sito principal de la planeaci\u00f3n del desarrollo municipal es orientar la actividad econ\u00f3mica para obtener el m\u00e1ximo beneficio social y tiene como objetivos los siguientes:<\/p>\n<ul>\n<li>Prever las acciones y recursos necesarios para el desarrollo econ\u00f3mico y social del municipio.<\/li>\n<li>Movilizar los recursos econ\u00f3micos de la sociedad y encaminarlos al desarrollo de actividades productivas.<\/li>\n<li>Programar las acciones del gobierno municipal estableciendo un orden de prioridades.<\/li>\n<li>Procurar un desarrollo urbano equilibrado de los centros de poblaci\u00f3n que forman parte del municipio.<\/li>\n<li>Promover la participaci\u00f3n y conservaci\u00f3n del medio ambiente.<\/li>\n<li>Promover el desarrollo arm\u00f3nico de la comunidad municipal.<\/li>\n<li>Asegurar el desarrollo de todas las comunidades del municipio<\/li>\n<\/ul>\n<p>Por lo anterior adjuntamos en este apartado los demas documentos necesarios en materia de planeaci\u00f3n.<\/p>\n<p><a href=\"https:\/\/transparencia.info.jalisco.gob.mx\/sites\/default\/files\/D1-AREA-DE-ESTUDIO.pdf\">D1-AREA-DE-ESTUDIO.pdf<\/a><\/p>\n<p><a href=\"https:\/\/transparencia.info.jalisco.gob.mx\/sites\/default\/files\/D2-MEDIO-FISICO-NATURAL.pdf\">D2-MEDIO-FISICO-NATURAL.pdf<\/a><\/p>\n<p><a href=\"https:\/\/transparencia.info.jalisco.gob.mx\/sites\/default\/files\/D3-ESTRUCTURA-URBANA.pdf\">D3-ESTRUCTURA-URBANA.pdf<\/a><\/p>\n<p><a href=\"https:\/\/transparencia.info.jalisco.gob.mx\/sites\/default\/files\/D4-USO-ACTUAL-DEL-SUELO.pdf\">D4-USO-ACTUAL-DEL-SUELO.pdf<\/a><\/p>\n<p><a href=\"https:\/\/transparencia.info.jalisco.gob.mx\/sites\/default\/files\/D5-VIALIDAD-Y-TRANSPORTE.pdf\">D5-VIALIDAD-Y-TRANSPORTE.pdf<\/a><\/p>\n<p><a href=\"https:\/\/transparencia.info.jalisco.gob.mx\/sites\/default\/files\/D6-INFRAESTRUCTURA.pdf\">D6-INFRAESTRUCTURA.pdf<\/a><\/p>\n<p><a href=\"https:\/\/transparencia.info.jalisco.gob.mx\/sites\/default\/files\/D7-SINTESIS-ESTADO-ACTUAL.pdf\">D7-SINTESIS-ESTADO-ACTUAL.pdf<\/a><\/p>\n<p><a href=\"https:\/\/transparencia.info.jalisco.gob.mx\/sites\/default\/files\/E1-CLASIFICACION-DE-AREAS.pdf\">E1-CLASIFICACION-DE-AREAS.pdf<\/a><\/p>\n<p><a href=\"https:\/\/transparencia.info.jalisco.gob.mx\/sites\/default\/files\/E2-USO-DEL-SUELO.pdf\">E2-USO-DEL-SUELO.pdf<\/a><\/p>\n<p><a href=\"https:\/\/transparencia.info.jalisco.gob.mx\/sites\/default\/files\/E3-ESTRUCTURA-URBANA.pdf\">E3-ESTRUCTURA-URBANA.pdf<\/a><\/p>\n<p><a href=\"https:\/\/transparencia.info.jalisco.gob.mx\/sites\/default\/files\/Plan%20de%20Desarrollo%20Municipal%202012-2030%20x2_0.pdf\">transparencia.info.jalisco.gob.mx\/sites\/default\/files\/Plan de Desarrollo Municipal 2012-2030 x2_0.pdf<\/a><\/p>\n<p><a href=\"https:\/\/transparencia.info.jalisco.gob.mx\/sites\/default\/files\/\/DIAGNOSTICO%20PIHUAMO_0.pdf\">transparencia.info.jalisco.gob.mx\/sites\/default\/files\/\/DIAGNOSTICO PIHUAMO_0.pdf<\/a><\/p>\n<p><a href=\"https:\/\/view.officeapps.live.com\/op\/view.aspx?src=https%3A%2F%2Ftransparencia.info.jalisco.gob.mx%2Fsites%2Fdefault%2Ffiles%2F%2FLocalidades%2520COEPO%25202010.xls&amp;wdOrigin=BROWSELINK\">view.officeapps.live.com\/op\/view.aspx?src=https%3A%2F%2Ftransparencia.info.jalisco.gob.mx%2Fsites%2Fdefault%2Ffiles%2F%2FLocalidades%2520COEPO%25202010.xls&amp;wdOrigin=BROWSELINK<\/a><\/p>\n<p><a href=\"https:\/\/view.officeapps.live.com\/op\/view.aspx?src=https%3A%2F%2Ftransparencia.info.jalisco.gob.mx%2Fsites%2Fdefault%2Ffiles%2F%2FLocalidades%2520COEPO%25202010.xls&amp;wdOrigin=BROWSELINK\">Localidades COEPO 2010.xls<\/a><\/p>\n<p><a href=\"https:\/\/transparencia.info.jalisco.gob.mx\/sites\/default\/files\/\/Evaluaciones%20y%20Encuestas%202018%20a%20Agosto%202021.pdf\">Evaluaciones y Encuestas 2018 a Agosto 2021.pdf<\/a><\/p>\n","protected":false},"excerpt":{"rendered":"<p>La planeaci\u00f3n del desarrollo municipal es una actividad de racionalidad administrativa, encaminada a prever y adaptar arm\u00f3nicamente las actividades econ\u00f3micas con las necesidades b\u00e1sicas de la comunidad, como son, entre otras: &#8211; Educaci\u00f3n. &#8211; Salud. &#8211; Asistencia social. &#8211; Vivienda. &#8211; Servicios p\u00fablicos. &#8211; Mejoramiento de las comunidades rurales. A trav\u00e9s de la planeaci\u00f3n los [&hellip;]<\/p>\n","protected":false},"author":1,"featured_media":0,"parent":0,"menu_order":0,"comment_status":"closed","ping_status":"closed","template":"","meta":{"footnotes":""},"class_list":["post-114","page","type-page","status-publish","hentry"],"yoast_head":"<!-- This site is optimized with the Yoast SEO plugin v25.5 - https:\/\/yoast.com\/wordpress\/plugins\/seo\/ -->\n<title>f) Las evaluaciones y encuestas que hagan los sujetos obligados a programas financiados con recursos p\u00fablicos; y - TRANSPARENCIA PIHUAMO<\/title>\n<meta name=\"robots\" content=\"index, follow, max-snippet:-1, max-image-preview:large, max-video-preview:-1\" \/>\n<link rel=\"canonical\" href=\"https:\/\/transparencia.pihuamo.gob.mx\/index.php\/f-las-evaluaciones-y-encuestas-que-hagan-los-sujetos-obligados-a-programas-financiados-con-recursos-publicos-y\/\" \/>\n<meta property=\"og:locale\" content=\"es_ES\" \/>\n<meta property=\"og:type\" content=\"article\" \/>\n<meta property=\"og:title\" content=\"f) Las evaluaciones y encuestas que hagan los sujetos obligados a programas financiados con recursos p\u00fablicos; y - TRANSPARENCIA PIHUAMO\" \/>\n<meta property=\"og:description\" content=\"La planeaci\u00f3n del desarrollo municipal es una actividad de racionalidad administrativa, encaminada a prever y adaptar arm\u00f3nicamente las actividades econ\u00f3micas con las necesidades b\u00e1sicas de la comunidad, como son, entre otras: &#8211; Educaci\u00f3n. &#8211; Salud. &#8211; Asistencia social. &#8211; Vivienda. &#8211; Servicios p\u00fablicos. &#8211; Mejoramiento de las comunidades rurales. A trav\u00e9s de la planeaci\u00f3n los [&hellip;]\" \/>\n<meta property=\"og:url\" content=\"https:\/\/transparencia.pihuamo.gob.mx\/index.php\/f-las-evaluaciones-y-encuestas-que-hagan-los-sujetos-obligados-a-programas-financiados-con-recursos-publicos-y\/\" \/>\n<meta property=\"og:site_name\" content=\"TRANSPARENCIA PIHUAMO\" \/>\n<meta name=\"twitter:card\" content=\"summary_large_image\" \/>\n<meta name=\"twitter:label1\" content=\"Tiempo de lectura\" \/>\n\t<meta name=\"twitter:data1\" content=\"2 minutos\" \/>\n<script type=\"application\/ld+json\" class=\"yoast-schema-graph\">{\"@context\":\"https:\/\/schema.org\",\"@graph\":[{\"@type\":\"WebPage\",\"@id\":\"https:\/\/transparencia.pihuamo.gob.mx\/index.php\/f-las-evaluaciones-y-encuestas-que-hagan-los-sujetos-obligados-a-programas-financiados-con-recursos-publicos-y\/\",\"url\":\"https:\/\/transparencia.pihuamo.gob.mx\/index.php\/f-las-evaluaciones-y-encuestas-que-hagan-los-sujetos-obligados-a-programas-financiados-con-recursos-publicos-y\/\",\"name\":\"f) Las evaluaciones y encuestas que hagan los sujetos obligados a programas financiados con recursos p\u00fablicos; y - TRANSPARENCIA PIHUAMO\",\"isPartOf\":{\"@id\":\"https:\/\/transparencia.pihuamo.gob.mx\/#website\"},\"datePublished\":\"2025-08-08T20:52:41+00:00\",\"breadcrumb\":{\"@id\":\"https:\/\/transparencia.pihuamo.gob.mx\/index.php\/f-las-evaluaciones-y-encuestas-que-hagan-los-sujetos-obligados-a-programas-financiados-con-recursos-publicos-y\/#breadcrumb\"},\"inLanguage\":\"es\",\"potentialAction\":[{\"@type\":\"ReadAction\",\"target\":[\"https:\/\/transparencia.pihuamo.gob.mx\/index.php\/f-las-evaluaciones-y-encuestas-que-hagan-los-sujetos-obligados-a-programas-financiados-con-recursos-publicos-y\/\"]}]},{\"@type\":\"BreadcrumbList\",\"@id\":\"https:\/\/transparencia.pihuamo.gob.mx\/index.php\/f-las-evaluaciones-y-encuestas-que-hagan-los-sujetos-obligados-a-programas-financiados-con-recursos-publicos-y\/#breadcrumb\",\"itemListElement\":[{\"@type\":\"ListItem\",\"position\":1,\"name\":\"Portada\",\"item\":\"https:\/\/transparencia.pihuamo.gob.mx\/\"},{\"@type\":\"ListItem\",\"position\":2,\"name\":\"f) Las evaluaciones y encuestas que hagan los sujetos obligados a programas financiados con recursos p\u00fablicos; y\"}]},{\"@type\":\"WebSite\",\"@id\":\"https:\/\/transparencia.pihuamo.gob.mx\/#website\",\"url\":\"https:\/\/transparencia.pihuamo.gob.mx\/\",\"name\":\"TRANSPARENCIA PIHUAMO\",\"description\":\"La Unidad de Transparencia del gobierno de Pihuamo, es el \u00e1rea encargada de recabar y difundir la informaci\u00f3n p\u00fablica relativa a las obligaciones de transparencia, recibir y dar tr\u00e1mite las solicitudes de acceso a la informaci\u00f3n.\",\"publisher\":{\"@id\":\"https:\/\/transparencia.pihuamo.gob.mx\/#organization\"},\"potentialAction\":[{\"@type\":\"SearchAction\",\"target\":{\"@type\":\"EntryPoint\",\"urlTemplate\":\"https:\/\/transparencia.pihuamo.gob.mx\/?s={search_term_string}\"},\"query-input\":{\"@type\":\"PropertyValueSpecification\",\"valueRequired\":true,\"valueName\":\"search_term_string\"}}],\"inLanguage\":\"es\"},{\"@type\":\"Organization\",\"@id\":\"https:\/\/transparencia.pihuamo.gob.mx\/#organization\",\"name\":\"TRANSPARENCIA PIHUAMO\",\"url\":\"https:\/\/transparencia.pihuamo.gob.mx\/\",\"logo\":{\"@type\":\"ImageObject\",\"inLanguage\":\"es\",\"@id\":\"https:\/\/transparencia.pihuamo.gob.mx\/#\/schema\/logo\/image\/\",\"url\":\"https:\/\/transparencia.pihuamo.gob.mx\/wp-content\/uploads\/2025\/07\/cropped-LOGO-AYUNTAMIENTO_Mesa-de-trabajo-1-scaled-1.png\",\"contentUrl\":\"https:\/\/transparencia.pihuamo.gob.mx\/wp-content\/uploads\/2025\/07\/cropped-LOGO-AYUNTAMIENTO_Mesa-de-trabajo-1-scaled-1.png\",\"width\":1976,\"height\":306,\"caption\":\"TRANSPARENCIA PIHUAMO\"},\"image\":{\"@id\":\"https:\/\/transparencia.pihuamo.gob.mx\/#\/schema\/logo\/image\/\"}}]}<\/script>\n<!-- \/ Yoast SEO plugin. -->","yoast_head_json":{"title":"f) Las evaluaciones y encuestas que hagan los sujetos obligados a programas financiados con recursos p\u00fablicos; y - TRANSPARENCIA PIHUAMO","robots":{"index":"index","follow":"follow","max-snippet":"max-snippet:-1","max-image-preview":"max-image-preview:large","max-video-preview":"max-video-preview:-1"},"canonical":"https:\/\/transparencia.pihuamo.gob.mx\/index.php\/f-las-evaluaciones-y-encuestas-que-hagan-los-sujetos-obligados-a-programas-financiados-con-recursos-publicos-y\/","og_locale":"es_ES","og_type":"article","og_title":"f) Las evaluaciones y encuestas que hagan los sujetos obligados a programas financiados con recursos p\u00fablicos; y - TRANSPARENCIA PIHUAMO","og_description":"La planeaci\u00f3n del desarrollo municipal es una actividad de racionalidad administrativa, encaminada a prever y adaptar arm\u00f3nicamente las actividades econ\u00f3micas con las necesidades b\u00e1sicas de la comunidad, como son, entre otras: &#8211; Educaci\u00f3n. &#8211; Salud. &#8211; Asistencia social. &#8211; Vivienda. &#8211; Servicios p\u00fablicos. &#8211; Mejoramiento de las comunidades rurales. A trav\u00e9s de la planeaci\u00f3n los [&hellip;]","og_url":"https:\/\/transparencia.pihuamo.gob.mx\/index.php\/f-las-evaluaciones-y-encuestas-que-hagan-los-sujetos-obligados-a-programas-financiados-con-recursos-publicos-y\/","og_site_name":"TRANSPARENCIA PIHUAMO","twitter_card":"summary_large_image","twitter_misc":{"Tiempo de lectura":"2 minutos"},"schema":{"@context":"https:\/\/schema.org","@graph":[{"@type":"WebPage","@id":"https:\/\/transparencia.pihuamo.gob.mx\/index.php\/f-las-evaluaciones-y-encuestas-que-hagan-los-sujetos-obligados-a-programas-financiados-con-recursos-publicos-y\/","url":"https:\/\/transparencia.pihuamo.gob.mx\/index.php\/f-las-evaluaciones-y-encuestas-que-hagan-los-sujetos-obligados-a-programas-financiados-con-recursos-publicos-y\/","name":"f) Las evaluaciones y encuestas que hagan los sujetos obligados a programas financiados con recursos p\u00fablicos; y - TRANSPARENCIA PIHUAMO","isPartOf":{"@id":"https:\/\/transparencia.pihuamo.gob.mx\/#website"},"datePublished":"2025-08-08T20:52:41+00:00","breadcrumb":{"@id":"https:\/\/transparencia.pihuamo.gob.mx\/index.php\/f-las-evaluaciones-y-encuestas-que-hagan-los-sujetos-obligados-a-programas-financiados-con-recursos-publicos-y\/#breadcrumb"},"inLanguage":"es","potentialAction":[{"@type":"ReadAction","target":["https:\/\/transparencia.pihuamo.gob.mx\/index.php\/f-las-evaluaciones-y-encuestas-que-hagan-los-sujetos-obligados-a-programas-financiados-con-recursos-publicos-y\/"]}]},{"@type":"BreadcrumbList","@id":"https:\/\/transparencia.pihuamo.gob.mx\/index.php\/f-las-evaluaciones-y-encuestas-que-hagan-los-sujetos-obligados-a-programas-financiados-con-recursos-publicos-y\/#breadcrumb","itemListElement":[{"@type":"ListItem","position":1,"name":"Portada","item":"https:\/\/transparencia.pihuamo.gob.mx\/"},{"@type":"ListItem","position":2,"name":"f) Las evaluaciones y encuestas que hagan los sujetos obligados a programas financiados con recursos p\u00fablicos; y"}]},{"@type":"WebSite","@id":"https:\/\/transparencia.pihuamo.gob.mx\/#website","url":"https:\/\/transparencia.pihuamo.gob.mx\/","name":"TRANSPARENCIA PIHUAMO","description":"La Unidad de Transparencia del gobierno de Pihuamo, es el \u00e1rea encargada de recabar y difundir la informaci\u00f3n p\u00fablica relativa a las obligaciones de transparencia, recibir y dar tr\u00e1mite las solicitudes de acceso a la informaci\u00f3n.","publisher":{"@id":"https:\/\/transparencia.pihuamo.gob.mx\/#organization"},"potentialAction":[{"@type":"SearchAction","target":{"@type":"EntryPoint","urlTemplate":"https:\/\/transparencia.pihuamo.gob.mx\/?s={search_term_string}"},"query-input":{"@type":"PropertyValueSpecification","valueRequired":true,"valueName":"search_term_string"}}],"inLanguage":"es"},{"@type":"Organization","@id":"https:\/\/transparencia.pihuamo.gob.mx\/#organization","name":"TRANSPARENCIA PIHUAMO","url":"https:\/\/transparencia.pihuamo.gob.mx\/","logo":{"@type":"ImageObject","inLanguage":"es","@id":"https:\/\/transparencia.pihuamo.gob.mx\/#\/schema\/logo\/image\/","url":"https:\/\/transparencia.pihuamo.gob.mx\/wp-content\/uploads\/2025\/07\/cropped-LOGO-AYUNTAMIENTO_Mesa-de-trabajo-1-scaled-1.png","contentUrl":"https:\/\/transparencia.pihuamo.gob.mx\/wp-content\/uploads\/2025\/07\/cropped-LOGO-AYUNTAMIENTO_Mesa-de-trabajo-1-scaled-1.png","width":1976,"height":306,"caption":"TRANSPARENCIA PIHUAMO"},"image":{"@id":"https:\/\/transparencia.pihuamo.gob.mx\/#\/schema\/logo\/image\/"}}]}},"_links":{"self":[{"href":"https:\/\/transparencia.pihuamo.gob.mx\/index.php\/wp-json\/wp\/v2\/pages\/114","targetHints":{"allow":["GET"]}}],"collection":[{"href":"https:\/\/transparencia.pihuamo.gob.mx\/index.php\/wp-json\/wp\/v2\/pages"}],"about":[{"href":"https:\/\/transparencia.pihuamo.gob.mx\/index.php\/wp-json\/wp\/v2\/types\/page"}],"author":[{"embeddable":true,"href":"https:\/\/transparencia.pihuamo.gob.mx\/index.php\/wp-json\/wp\/v2\/users\/1"}],"replies":[{"embeddable":true,"href":"https:\/\/transparencia.pihuamo.gob.mx\/index.php\/wp-json\/wp\/v2\/comments?post=114"}],"version-history":[{"count":1,"href":"https:\/\/transparencia.pihuamo.gob.mx\/index.php\/wp-json\/wp\/v2\/pages\/114\/revisions"}],"predecessor-version":[{"id":115,"href":"https:\/\/transparencia.pihuamo.gob.mx\/index.php\/wp-json\/wp\/v2\/pages\/114\/revisions\/115"}],"wp:attachment":[{"href":"https:\/\/transparencia.pihuamo.gob.mx\/index.php\/wp-json\/wp\/v2\/media?parent=114"}],"curies":[{"name":"wp","href":"https:\/\/api.w.org\/{rel}","templated":true}]}}