{"id":142,"date":"2025-08-18T16:43:29","date_gmt":"2025-08-18T16:43:29","guid":{"rendered":"https:\/\/transparencia.pihuamo.gob.mx\/?page_id=142"},"modified":"2025-08-18T16:43:29","modified_gmt":"2025-08-18T16:43:29","slug":"v-la-informacion-financiera-patrimonial-y-administrativa-que-comprende-2","status":"publish","type":"page","link":"https:\/\/transparencia.pihuamo.gob.mx\/index.php\/v-la-informacion-financiera-patrimonial-y-administrativa-que-comprende-2\/","title":{"rendered":"V. La informaci\u00f3n financiera, patrimonial y administrativa, que comprende:"},"content":{"rendered":"<p>a) Las partidas del Presupuesto de Egresos de la Federaci\u00f3n y del Presupuesto de Egresos del<br \/>\nEstado, as\u00ed como los conceptos del clasificador por objeto del gasto, aplicables al y por el sujeto<br \/>\nobligado, de cuando menos los \u00faltimos tres a\u00f1os;<\/p>\n<p>b) Los ingresos extraordinarios recibidos por cualquier concepto, se\u00f1alando el origen de los<br \/>\nrecursos, el nombre de los responsables de recibirlos, administrarlos y ejercerlos, as\u00ed como el<br \/>\nproyecto o programa donde ser\u00e1n aplicados;<\/p>\n<p>c) El presupuesto de egresos anual y, en su caso, el clasificador por objeto del gasto del sujeto<br \/>\nobligado, de cuando menos los \u00faltimos tres a\u00f1os;<\/p>\n<p>d) Las convocatorias a concursos para ocupar cargos p\u00fablicos y los resultados de los mismos;<\/p>\n<p>e) El organigrama del sujeto obligado, con las modificaciones de cuando menos los \u00faltimos tres<br \/>\na\u00f1os, as\u00ed como la plantilla del personal del sujeto obligado, con las modificaciones de cuando<br \/>\nmenos los \u00faltimos tres a\u00f1os, en la que se incluya el n\u00famero total de plazas del personal de base,<br \/>\ndel personal de confianza y las vacantes;<\/p>\n<p>f) Las remuneraciones mensuales por puesto, incluidas todas las prestaciones, est\u00edmulos o<br \/>\ncompensaciones;<\/p>\n<p>g) Las n\u00f3minas completas del sujeto obligado en las que se incluya las gratificaciones, primas,<br \/>\ncomisiones, dietas y est\u00edmulos, de cuando menos los \u00faltimos tres a\u00f1os, y en su caso, con sistema<br \/>\nde b\u00fasqueda;<\/p>\n<p>h) El listado de jubilados y pensionados y el monto que reciben;<\/p>\n<p>i) Los estados financieros mensuales, de cuando menos los \u00faltimos tres a\u00f1os;<\/p>\n<p>j) Los gastos de comunicaci\u00f3n social, de cuando menos los \u00faltimos tres a\u00f1os, donde se se\u00f1ale<br \/>\ncuando menos la fecha, monto y partida de la erogaci\u00f3n, responsable directo de la autorizaci\u00f3n de<br \/>\nla contrataci\u00f3n, denominaci\u00f3n del medio de comunicaci\u00f3n contratado, descripci\u00f3n del servicio<br \/>\ncontratado, justificaci\u00f3n y relaci\u00f3n con alguna funci\u00f3n o servicio p\u00fablicos;<\/p>\n<p>k) El contrato de prestaci\u00f3n de servicios o por honorarios, y el gasto realizado por concepto de<br \/>\npago de asesor\u00edas al sujeto obligado, donde se se\u00f1ale nombre de la empresa, instituci\u00f3n o<br \/>\nindividuos, el concepto de cada una de las asesor\u00edas, as\u00ed como el trabajo realizado;<\/p>\n<p>l) Los subsidios, en especie o en numerario, recibidos por el sujeto obligado, as\u00ed como los<br \/>\notorgados por el sujeto obligado, en los que se se\u00f1ale lo siguiente:<\/p>\n<p>m) El listado de personas f\u00edsicas o jur\u00eddicas a quienes, por cualquier motivo, se les asigne o<br \/>\npermita usar recursos p\u00fablicos o, en los t\u00e9rminos de las disposiciones aplicables, realicen actos de<br \/>\nautoridad, as\u00ed como los informes que dichas personas les entreguen sobre el uso y destino de<br \/>\ndichos recursos;<\/p>\n<p>n) Las cuentas p\u00fablicas, las auditor\u00edas internas y externas, as\u00ed como los dem\u00e1s informes de gesti\u00f3n<br \/>\nfinanciera del sujeto obligado, de cuando menos los \u00faltimos tres a\u00f1os;<\/p>\n<p>\u00f1) Los padrones de proveedores o contratistas, de cuando menos los \u00faltimos tres a\u00f1os;<\/p>\n<p>o) La informaci\u00f3n sobre adjudicaciones directas en materia de adquisiciones, obra p\u00fablica,<br \/>\nproyectos de inversi\u00f3n y prestaci\u00f3n de servicios, de cuando menos los \u00faltimos tres a\u00f1os, que<br \/>\ndeber\u00e1 contener, por lo menos, lo siguiente:<\/p>\n<p>p) La informaci\u00f3n sobre concursos por invitaci\u00f3n y licitaciones p\u00fablicas en materia de<br \/>\nadquisiciones, obra p\u00fablica, proyectos de inversi\u00f3n y prestaci\u00f3n de servicios, de cuando menos los<br \/>\n\u00faltimos tres a\u00f1os, que deber\u00e1 contener, por lo menos, lo siguiente:<\/p>\n<p>q) El nombre, denominaci\u00f3n o raz\u00f3n social y clave del Registro Federal de Contribuyentes de<br \/>\nquienes se les hubiera cancelado o condonado alg\u00fan cr\u00e9dito fiscal, los montos respectivos, as\u00ed<br \/>\ncomo la informaci\u00f3n estad\u00edstica sobre las exenciones previstas en las disposiciones fiscales;<\/p>\n<p>r) Los inventarios de bienes muebles e inmuebles del sujeto obligado, de cuando menos los \u00faltimos<br \/>\ntres a\u00f1os, donde se se\u00f1ale cuando menos la descripci\u00f3n, el valor, el r\u00e9gimen jur\u00eddico, y el uso o<br \/>\nafectaci\u00f3n del bien;<\/p>\n<p>s) Los gastos de representaci\u00f3n, vi\u00e1ticos y viajes oficiales, su costo, itinerario, agenda y resultados;<\/p>\n<p>t) Las concesiones, licencias, permisos o autorizaciones otorgadas de los \u00faltimos tres a\u00f1os;<\/p>\n<p>u) Los decretos y expedientes relativos a las expropiaciones que realicen por utilidad p\u00fablica;<\/p>\n<p>v) Las p\u00f3lizas de los cheques expedidos, con identificaci\u00f3n del n\u00famero de cheque o transferencia,<br \/>\nmonto y nombre del beneficiario, indicando el motivo de la erogaci\u00f3n, en el que de manera<br \/>\ndetallada y completa se indique para qu\u00e9 se erog\u00f3 el recurso p\u00fablico, o en su caso la descripci\u00f3n<br \/>\nque aparezca en la factura correspondiente; siempre y cuando con ello se aporten los elementos<br \/>\ncualitativos y cuantitativos de la finalidad del cheque o transferencia;<\/p>\n<p>w) El estado de la deuda p\u00fablica del sujeto obligado, donde se se\u00f1ale cuando menos responsable<br \/>\nde la autorizaci\u00f3n, fecha de contrataci\u00f3n, monto del cr\u00e9dito, tasa de inter\u00e9s, monto total<br \/>\namortizable, plazo de vencimiento, instituci\u00f3n crediticia, objeto de aplicaci\u00f3n y avance de aplicaci\u00f3n<br \/>\nde cada deuda contratada;<\/p>\n<p>x) Los estados de cuenta bancarios que expiden las instituciones financieras, n\u00famero de cuentas<br \/>\nbancarias, estados financieros, cuentas de fideicomisos e inversiones, de cuando menos los<br \/>\n\u00faltimos seis meses;<\/p>\n<p>y) La informaci\u00f3n en versi\u00f3n p\u00fablica de las declaraciones patrimoniales de los servidores p\u00fablicos<br \/>\nque as\u00ed lo determinen, en los sistemas habilitados para ello, de acuerdo a la normatividad<br \/>\naplicable; y<\/p>\n<p>z) El registro de los procedimientos de responsabilidad administrativa, con indicaci\u00f3n del n\u00famero<br \/>\nde expediente, fecha de ingreso, nombre del denunciante, nombre y cargo del denunciado, causa<br \/>\ndel procedimiento, estado procesal y, en su caso, la sanci\u00f3n impuesta;<\/p>\n","protected":false},"excerpt":{"rendered":"<p>a) Las partidas del Presupuesto de Egresos de la Federaci\u00f3n y del Presupuesto de Egresos del Estado, as\u00ed como los conceptos del clasificador por objeto del gasto, aplicables al y por el sujeto obligado, de cuando menos los \u00faltimos tres a\u00f1os; b) Los ingresos extraordinarios recibidos por cualquier concepto, se\u00f1alando el origen de los recursos, [&hellip;]<\/p>\n","protected":false},"author":1,"featured_media":0,"parent":0,"menu_order":0,"comment_status":"closed","ping_status":"closed","template":"","meta":{"footnotes":""},"class_list":["post-142","page","type-page","status-publish","hentry"],"yoast_head":"<!-- This site is optimized with the Yoast SEO plugin v25.5 - https:\/\/yoast.com\/wordpress\/plugins\/seo\/ -->\n<title>V. La informaci\u00f3n financiera, patrimonial y administrativa, que comprende: - TRANSPARENCIA PIHUAMO<\/title>\n<meta name=\"robots\" content=\"index, follow, max-snippet:-1, max-image-preview:large, max-video-preview:-1\" \/>\n<link rel=\"canonical\" href=\"https:\/\/transparencia.pihuamo.gob.mx\/index.php\/v-la-informacion-financiera-patrimonial-y-administrativa-que-comprende-2\/\" \/>\n<meta property=\"og:locale\" content=\"es_ES\" \/>\n<meta property=\"og:type\" content=\"article\" \/>\n<meta property=\"og:title\" content=\"V. La informaci\u00f3n financiera, patrimonial y administrativa, que comprende: - TRANSPARENCIA PIHUAMO\" \/>\n<meta property=\"og:description\" content=\"a) Las partidas del Presupuesto de Egresos de la Federaci\u00f3n y del Presupuesto de Egresos del Estado, as\u00ed como los conceptos del clasificador por objeto del gasto, aplicables al y por el sujeto obligado, de cuando menos los \u00faltimos tres a\u00f1os; b) Los ingresos extraordinarios recibidos por cualquier concepto, se\u00f1alando el origen de los recursos, [&hellip;]\" \/>\n<meta property=\"og:url\" content=\"https:\/\/transparencia.pihuamo.gob.mx\/index.php\/v-la-informacion-financiera-patrimonial-y-administrativa-que-comprende-2\/\" \/>\n<meta property=\"og:site_name\" content=\"TRANSPARENCIA PIHUAMO\" \/>\n<meta name=\"twitter:card\" content=\"summary_large_image\" \/>\n<meta name=\"twitter:label1\" content=\"Tiempo de lectura\" \/>\n\t<meta name=\"twitter:data1\" content=\"4 minutos\" \/>\n<script type=\"application\/ld+json\" class=\"yoast-schema-graph\">{\"@context\":\"https:\/\/schema.org\",\"@graph\":[{\"@type\":\"WebPage\",\"@id\":\"https:\/\/transparencia.pihuamo.gob.mx\/index.php\/v-la-informacion-financiera-patrimonial-y-administrativa-que-comprende-2\/\",\"url\":\"https:\/\/transparencia.pihuamo.gob.mx\/index.php\/v-la-informacion-financiera-patrimonial-y-administrativa-que-comprende-2\/\",\"name\":\"V. La informaci\u00f3n financiera, patrimonial y administrativa, que comprende: - TRANSPARENCIA PIHUAMO\",\"isPartOf\":{\"@id\":\"https:\/\/transparencia.pihuamo.gob.mx\/#website\"},\"datePublished\":\"2025-08-18T16:43:29+00:00\",\"breadcrumb\":{\"@id\":\"https:\/\/transparencia.pihuamo.gob.mx\/index.php\/v-la-informacion-financiera-patrimonial-y-administrativa-que-comprende-2\/#breadcrumb\"},\"inLanguage\":\"es\",\"potentialAction\":[{\"@type\":\"ReadAction\",\"target\":[\"https:\/\/transparencia.pihuamo.gob.mx\/index.php\/v-la-informacion-financiera-patrimonial-y-administrativa-que-comprende-2\/\"]}]},{\"@type\":\"BreadcrumbList\",\"@id\":\"https:\/\/transparencia.pihuamo.gob.mx\/index.php\/v-la-informacion-financiera-patrimonial-y-administrativa-que-comprende-2\/#breadcrumb\",\"itemListElement\":[{\"@type\":\"ListItem\",\"position\":1,\"name\":\"Portada\",\"item\":\"https:\/\/transparencia.pihuamo.gob.mx\/\"},{\"@type\":\"ListItem\",\"position\":2,\"name\":\"V. La informaci\u00f3n financiera, patrimonial y administrativa, que comprende:\"}]},{\"@type\":\"WebSite\",\"@id\":\"https:\/\/transparencia.pihuamo.gob.mx\/#website\",\"url\":\"https:\/\/transparencia.pihuamo.gob.mx\/\",\"name\":\"TRANSPARENCIA PIHUAMO\",\"description\":\"La Unidad de Transparencia del gobierno de Pihuamo, es el \u00e1rea encargada de recabar y difundir la informaci\u00f3n p\u00fablica relativa a las obligaciones de transparencia, recibir y dar tr\u00e1mite las solicitudes de acceso a la informaci\u00f3n.\",\"publisher\":{\"@id\":\"https:\/\/transparencia.pihuamo.gob.mx\/#organization\"},\"potentialAction\":[{\"@type\":\"SearchAction\",\"target\":{\"@type\":\"EntryPoint\",\"urlTemplate\":\"https:\/\/transparencia.pihuamo.gob.mx\/?s={search_term_string}\"},\"query-input\":{\"@type\":\"PropertyValueSpecification\",\"valueRequired\":true,\"valueName\":\"search_term_string\"}}],\"inLanguage\":\"es\"},{\"@type\":\"Organization\",\"@id\":\"https:\/\/transparencia.pihuamo.gob.mx\/#organization\",\"name\":\"TRANSPARENCIA PIHUAMO\",\"url\":\"https:\/\/transparencia.pihuamo.gob.mx\/\",\"logo\":{\"@type\":\"ImageObject\",\"inLanguage\":\"es\",\"@id\":\"https:\/\/transparencia.pihuamo.gob.mx\/#\/schema\/logo\/image\/\",\"url\":\"https:\/\/transparencia.pihuamo.gob.mx\/wp-content\/uploads\/2025\/07\/cropped-LOGO-AYUNTAMIENTO_Mesa-de-trabajo-1-scaled-1.png\",\"contentUrl\":\"https:\/\/transparencia.pihuamo.gob.mx\/wp-content\/uploads\/2025\/07\/cropped-LOGO-AYUNTAMIENTO_Mesa-de-trabajo-1-scaled-1.png\",\"width\":1976,\"height\":306,\"caption\":\"TRANSPARENCIA PIHUAMO\"},\"image\":{\"@id\":\"https:\/\/transparencia.pihuamo.gob.mx\/#\/schema\/logo\/image\/\"}}]}<\/script>\n<!-- \/ Yoast SEO plugin. -->","yoast_head_json":{"title":"V. La informaci\u00f3n financiera, patrimonial y administrativa, que comprende: - TRANSPARENCIA PIHUAMO","robots":{"index":"index","follow":"follow","max-snippet":"max-snippet:-1","max-image-preview":"max-image-preview:large","max-video-preview":"max-video-preview:-1"},"canonical":"https:\/\/transparencia.pihuamo.gob.mx\/index.php\/v-la-informacion-financiera-patrimonial-y-administrativa-que-comprende-2\/","og_locale":"es_ES","og_type":"article","og_title":"V. La informaci\u00f3n financiera, patrimonial y administrativa, que comprende: - TRANSPARENCIA PIHUAMO","og_description":"a) Las partidas del Presupuesto de Egresos de la Federaci\u00f3n y del Presupuesto de Egresos del Estado, as\u00ed como los conceptos del clasificador por objeto del gasto, aplicables al y por el sujeto obligado, de cuando menos los \u00faltimos tres a\u00f1os; b) Los ingresos extraordinarios recibidos por cualquier concepto, se\u00f1alando el origen de los recursos, [&hellip;]","og_url":"https:\/\/transparencia.pihuamo.gob.mx\/index.php\/v-la-informacion-financiera-patrimonial-y-administrativa-que-comprende-2\/","og_site_name":"TRANSPARENCIA PIHUAMO","twitter_card":"summary_large_image","twitter_misc":{"Tiempo de lectura":"4 minutos"},"schema":{"@context":"https:\/\/schema.org","@graph":[{"@type":"WebPage","@id":"https:\/\/transparencia.pihuamo.gob.mx\/index.php\/v-la-informacion-financiera-patrimonial-y-administrativa-que-comprende-2\/","url":"https:\/\/transparencia.pihuamo.gob.mx\/index.php\/v-la-informacion-financiera-patrimonial-y-administrativa-que-comprende-2\/","name":"V. La informaci\u00f3n financiera, patrimonial y administrativa, que comprende: - TRANSPARENCIA PIHUAMO","isPartOf":{"@id":"https:\/\/transparencia.pihuamo.gob.mx\/#website"},"datePublished":"2025-08-18T16:43:29+00:00","breadcrumb":{"@id":"https:\/\/transparencia.pihuamo.gob.mx\/index.php\/v-la-informacion-financiera-patrimonial-y-administrativa-que-comprende-2\/#breadcrumb"},"inLanguage":"es","potentialAction":[{"@type":"ReadAction","target":["https:\/\/transparencia.pihuamo.gob.mx\/index.php\/v-la-informacion-financiera-patrimonial-y-administrativa-que-comprende-2\/"]}]},{"@type":"BreadcrumbList","@id":"https:\/\/transparencia.pihuamo.gob.mx\/index.php\/v-la-informacion-financiera-patrimonial-y-administrativa-que-comprende-2\/#breadcrumb","itemListElement":[{"@type":"ListItem","position":1,"name":"Portada","item":"https:\/\/transparencia.pihuamo.gob.mx\/"},{"@type":"ListItem","position":2,"name":"V. La informaci\u00f3n financiera, patrimonial y administrativa, que comprende:"}]},{"@type":"WebSite","@id":"https:\/\/transparencia.pihuamo.gob.mx\/#website","url":"https:\/\/transparencia.pihuamo.gob.mx\/","name":"TRANSPARENCIA PIHUAMO","description":"La Unidad de Transparencia del gobierno de Pihuamo, es el \u00e1rea encargada de recabar y difundir la informaci\u00f3n p\u00fablica relativa a las obligaciones de transparencia, recibir y dar tr\u00e1mite las solicitudes de acceso a la informaci\u00f3n.","publisher":{"@id":"https:\/\/transparencia.pihuamo.gob.mx\/#organization"},"potentialAction":[{"@type":"SearchAction","target":{"@type":"EntryPoint","urlTemplate":"https:\/\/transparencia.pihuamo.gob.mx\/?s={search_term_string}"},"query-input":{"@type":"PropertyValueSpecification","valueRequired":true,"valueName":"search_term_string"}}],"inLanguage":"es"},{"@type":"Organization","@id":"https:\/\/transparencia.pihuamo.gob.mx\/#organization","name":"TRANSPARENCIA PIHUAMO","url":"https:\/\/transparencia.pihuamo.gob.mx\/","logo":{"@type":"ImageObject","inLanguage":"es","@id":"https:\/\/transparencia.pihuamo.gob.mx\/#\/schema\/logo\/image\/","url":"https:\/\/transparencia.pihuamo.gob.mx\/wp-content\/uploads\/2025\/07\/cropped-LOGO-AYUNTAMIENTO_Mesa-de-trabajo-1-scaled-1.png","contentUrl":"https:\/\/transparencia.pihuamo.gob.mx\/wp-content\/uploads\/2025\/07\/cropped-LOGO-AYUNTAMIENTO_Mesa-de-trabajo-1-scaled-1.png","width":1976,"height":306,"caption":"TRANSPARENCIA PIHUAMO"},"image":{"@id":"https:\/\/transparencia.pihuamo.gob.mx\/#\/schema\/logo\/image\/"}}]}},"_links":{"self":[{"href":"https:\/\/transparencia.pihuamo.gob.mx\/index.php\/wp-json\/wp\/v2\/pages\/142","targetHints":{"allow":["GET"]}}],"collection":[{"href":"https:\/\/transparencia.pihuamo.gob.mx\/index.php\/wp-json\/wp\/v2\/pages"}],"about":[{"href":"https:\/\/transparencia.pihuamo.gob.mx\/index.php\/wp-json\/wp\/v2\/types\/page"}],"author":[{"embeddable":true,"href":"https:\/\/transparencia.pihuamo.gob.mx\/index.php\/wp-json\/wp\/v2\/users\/1"}],"replies":[{"embeddable":true,"href":"https:\/\/transparencia.pihuamo.gob.mx\/index.php\/wp-json\/wp\/v2\/comments?post=142"}],"version-history":[{"count":1,"href":"https:\/\/transparencia.pihuamo.gob.mx\/index.php\/wp-json\/wp\/v2\/pages\/142\/revisions"}],"predecessor-version":[{"id":143,"href":"https:\/\/transparencia.pihuamo.gob.mx\/index.php\/wp-json\/wp\/v2\/pages\/142\/revisions\/143"}],"wp:attachment":[{"href":"https:\/\/transparencia.pihuamo.gob.mx\/index.php\/wp-json\/wp\/v2\/media?parent=142"}],"curies":[{"name":"wp","href":"https:\/\/api.w.org\/{rel}","templated":true}]}}