{"id":182,"date":"2025-08-19T15:42:04","date_gmt":"2025-08-19T15:42:04","guid":{"rendered":"https:\/\/transparencia.pihuamo.gob.mx\/?page_id=182"},"modified":"2025-08-21T19:21:43","modified_gmt":"2025-08-21T19:21:43","slug":"h-el-listado-de-jubilados-y-pensionados-y-el-monto-que-reciben","status":"publish","type":"page","link":"https:\/\/transparencia.pihuamo.gob.mx\/index.php\/h-el-listado-de-jubilados-y-pensionados-y-el-monto-que-reciben\/","title":{"rendered":"h) El listado de jubilados y pensionados y el monto que reciben;"},"content":{"rendered":"<p><a href=\"https:\/\/transparencia.pihuamo.gob.mx\/wp-content\/uploads\/2025\/08\/LISTADO-DE-JUBILADOS-FEBRERO-2025.xlsx\">https:\/\/transparencia.pihuamo.gob.mx\/wp-content\/uploads\/2025\/08\/LISTADO-DE-JUBILADOS-FEBRERO-2025.xlsx<\/a><\/p>\n<p><a href=\"https:\/\/transparencia.pihuamo.gob.mx\/wp-content\/uploads\/2025\/08\/LISTADO-DE-JUBILADOS-FEBRERO-2025.xlsx\">https:\/\/transparencia.pihuamo.gob.mx\/wp-content\/uploads\/2025\/08\/LISTADO-DE-JUBILADOS-FEBRERO-2025.xlsx<\/a><\/p>\n<p><a href=\"https:\/\/transparencia.pihuamo.gob.mx\/wp-content\/uploads\/2025\/08\/LISTADO-DE-JUBILADOS-MARZO-2025.xlsx\">https:\/\/transparencia.pihuamo.gob.mx\/wp-content\/uploads\/2025\/08\/LISTADO-DE-JUBILADOS-MARZO-2025.xlsx<\/a><\/p>\n<p><a href=\"https:\/\/transparencia.pihuamo.gob.mx\/wp-content\/uploads\/2025\/08\/LISTADO-DE-JUBILADOS-ABRIL-2025.xlsx\">https:\/\/transparencia.pihuamo.gob.mx\/wp-content\/uploads\/2025\/08\/LISTADO-DE-JUBILADOS-ABRIL-2025.xlsx<\/a><\/p>\n<p><a href=\"https:\/\/transparencia.pihuamo.gob.mx\/wp-content\/uploads\/2025\/08\/LISTADO-DE-JUBILADOS-MAYO-2025.xlsx\">https:\/\/transparencia.pihuamo.gob.mx\/wp-content\/uploads\/2025\/08\/LISTADO-DE-JUBILADOS-MAYO-2025.xlsx<\/a><\/p>\n","protected":false},"excerpt":{"rendered":"<p>https:\/\/transparencia.pihuamo.gob.mx\/wp-content\/uploads\/2025\/08\/LISTADO-DE-JUBILADOS-FEBRERO-2025.xlsx https:\/\/transparencia.pihuamo.gob.mx\/wp-content\/uploads\/2025\/08\/LISTADO-DE-JUBILADOS-FEBRERO-2025.xlsx https:\/\/transparencia.pihuamo.gob.mx\/wp-content\/uploads\/2025\/08\/LISTADO-DE-JUBILADOS-MARZO-2025.xlsx https:\/\/transparencia.pihuamo.gob.mx\/wp-content\/uploads\/2025\/08\/LISTADO-DE-JUBILADOS-ABRIL-2025.xlsx https:\/\/transparencia.pihuamo.gob.mx\/wp-content\/uploads\/2025\/08\/LISTADO-DE-JUBILADOS-MAYO-2025.xlsx<\/p>\n","protected":false},"author":1,"featured_media":0,"parent":0,"menu_order":0,"comment_status":"closed","ping_status":"closed","template":"","meta":{"footnotes":""},"class_list":["post-182","page","type-page","status-publish","hentry"],"yoast_head":"<!-- This site is optimized with the Yoast SEO plugin v25.5 - https:\/\/yoast.com\/wordpress\/plugins\/seo\/ -->\n<title>h) El listado de jubilados y pensionados y el monto que reciben; - TRANSPARENCIA PIHUAMO<\/title>\n<meta name=\"robots\" content=\"index, follow, max-snippet:-1, max-image-preview:large, max-video-preview:-1\" \/>\n<link rel=\"canonical\" href=\"https:\/\/transparencia.pihuamo.gob.mx\/index.php\/h-el-listado-de-jubilados-y-pensionados-y-el-monto-que-reciben\/\" \/>\n<meta property=\"og:locale\" content=\"es_ES\" \/>\n<meta property=\"og:type\" content=\"article\" \/>\n<meta property=\"og:title\" content=\"h) El listado de jubilados y pensionados y el monto que reciben; - TRANSPARENCIA PIHUAMO\" \/>\n<meta property=\"og:description\" content=\"https:\/\/transparencia.pihuamo.gob.mx\/wp-content\/uploads\/2025\/08\/LISTADO-DE-JUBILADOS-FEBRERO-2025.xlsx https:\/\/transparencia.pihuamo.gob.mx\/wp-content\/uploads\/2025\/08\/LISTADO-DE-JUBILADOS-FEBRERO-2025.xlsx https:\/\/transparencia.pihuamo.gob.mx\/wp-content\/uploads\/2025\/08\/LISTADO-DE-JUBILADOS-MARZO-2025.xlsx https:\/\/transparencia.pihuamo.gob.mx\/wp-content\/uploads\/2025\/08\/LISTADO-DE-JUBILADOS-ABRIL-2025.xlsx https:\/\/transparencia.pihuamo.gob.mx\/wp-content\/uploads\/2025\/08\/LISTADO-DE-JUBILADOS-MAYO-2025.xlsx\" \/>\n<meta property=\"og:url\" content=\"https:\/\/transparencia.pihuamo.gob.mx\/index.php\/h-el-listado-de-jubilados-y-pensionados-y-el-monto-que-reciben\/\" \/>\n<meta property=\"og:site_name\" content=\"TRANSPARENCIA PIHUAMO\" \/>\n<meta property=\"article:modified_time\" content=\"2025-08-21T19:21:43+00:00\" \/>\n<meta name=\"twitter:card\" content=\"summary_large_image\" \/>\n<meta name=\"twitter:label1\" content=\"Tiempo de lectura\" \/>\n\t<meta name=\"twitter:data1\" content=\"1 minuto\" \/>\n<script type=\"application\/ld+json\" class=\"yoast-schema-graph\">{\"@context\":\"https:\/\/schema.org\",\"@graph\":[{\"@type\":\"WebPage\",\"@id\":\"https:\/\/transparencia.pihuamo.gob.mx\/index.php\/h-el-listado-de-jubilados-y-pensionados-y-el-monto-que-reciben\/\",\"url\":\"https:\/\/transparencia.pihuamo.gob.mx\/index.php\/h-el-listado-de-jubilados-y-pensionados-y-el-monto-que-reciben\/\",\"name\":\"h) El listado de jubilados y pensionados y el monto que reciben; - TRANSPARENCIA PIHUAMO\",\"isPartOf\":{\"@id\":\"https:\/\/transparencia.pihuamo.gob.mx\/#website\"},\"datePublished\":\"2025-08-19T15:42:04+00:00\",\"dateModified\":\"2025-08-21T19:21:43+00:00\",\"breadcrumb\":{\"@id\":\"https:\/\/transparencia.pihuamo.gob.mx\/index.php\/h-el-listado-de-jubilados-y-pensionados-y-el-monto-que-reciben\/#breadcrumb\"},\"inLanguage\":\"es\",\"potentialAction\":[{\"@type\":\"ReadAction\",\"target\":[\"https:\/\/transparencia.pihuamo.gob.mx\/index.php\/h-el-listado-de-jubilados-y-pensionados-y-el-monto-que-reciben\/\"]}]},{\"@type\":\"BreadcrumbList\",\"@id\":\"https:\/\/transparencia.pihuamo.gob.mx\/index.php\/h-el-listado-de-jubilados-y-pensionados-y-el-monto-que-reciben\/#breadcrumb\",\"itemListElement\":[{\"@type\":\"ListItem\",\"position\":1,\"name\":\"Portada\",\"item\":\"https:\/\/transparencia.pihuamo.gob.mx\/\"},{\"@type\":\"ListItem\",\"position\":2,\"name\":\"h) El listado de jubilados y pensionados y el monto que reciben;\"}]},{\"@type\":\"WebSite\",\"@id\":\"https:\/\/transparencia.pihuamo.gob.mx\/#website\",\"url\":\"https:\/\/transparencia.pihuamo.gob.mx\/\",\"name\":\"TRANSPARENCIA PIHUAMO\",\"description\":\"La Unidad de Transparencia del gobierno de Pihuamo, es el \u00e1rea encargada de recabar y difundir la informaci\u00f3n p\u00fablica relativa a las obligaciones de transparencia, recibir y dar tr\u00e1mite las solicitudes de acceso a la informaci\u00f3n.\",\"publisher\":{\"@id\":\"https:\/\/transparencia.pihuamo.gob.mx\/#organization\"},\"potentialAction\":[{\"@type\":\"SearchAction\",\"target\":{\"@type\":\"EntryPoint\",\"urlTemplate\":\"https:\/\/transparencia.pihuamo.gob.mx\/?s={search_term_string}\"},\"query-input\":{\"@type\":\"PropertyValueSpecification\",\"valueRequired\":true,\"valueName\":\"search_term_string\"}}],\"inLanguage\":\"es\"},{\"@type\":\"Organization\",\"@id\":\"https:\/\/transparencia.pihuamo.gob.mx\/#organization\",\"name\":\"TRANSPARENCIA PIHUAMO\",\"url\":\"https:\/\/transparencia.pihuamo.gob.mx\/\",\"logo\":{\"@type\":\"ImageObject\",\"inLanguage\":\"es\",\"@id\":\"https:\/\/transparencia.pihuamo.gob.mx\/#\/schema\/logo\/image\/\",\"url\":\"https:\/\/transparencia.pihuamo.gob.mx\/wp-content\/uploads\/2025\/07\/cropped-LOGO-AYUNTAMIENTO_Mesa-de-trabajo-1-scaled-1.png\",\"contentUrl\":\"https:\/\/transparencia.pihuamo.gob.mx\/wp-content\/uploads\/2025\/07\/cropped-LOGO-AYUNTAMIENTO_Mesa-de-trabajo-1-scaled-1.png\",\"width\":1976,\"height\":306,\"caption\":\"TRANSPARENCIA PIHUAMO\"},\"image\":{\"@id\":\"https:\/\/transparencia.pihuamo.gob.mx\/#\/schema\/logo\/image\/\"}}]}<\/script>\n<!-- \/ Yoast SEO plugin. -->","yoast_head_json":{"title":"h) El listado de jubilados y pensionados y el monto que reciben; - TRANSPARENCIA PIHUAMO","robots":{"index":"index","follow":"follow","max-snippet":"max-snippet:-1","max-image-preview":"max-image-preview:large","max-video-preview":"max-video-preview:-1"},"canonical":"https:\/\/transparencia.pihuamo.gob.mx\/index.php\/h-el-listado-de-jubilados-y-pensionados-y-el-monto-que-reciben\/","og_locale":"es_ES","og_type":"article","og_title":"h) El listado de jubilados y pensionados y el monto que reciben; - TRANSPARENCIA PIHUAMO","og_description":"https:\/\/transparencia.pihuamo.gob.mx\/wp-content\/uploads\/2025\/08\/LISTADO-DE-JUBILADOS-FEBRERO-2025.xlsx https:\/\/transparencia.pihuamo.gob.mx\/wp-content\/uploads\/2025\/08\/LISTADO-DE-JUBILADOS-FEBRERO-2025.xlsx https:\/\/transparencia.pihuamo.gob.mx\/wp-content\/uploads\/2025\/08\/LISTADO-DE-JUBILADOS-MARZO-2025.xlsx https:\/\/transparencia.pihuamo.gob.mx\/wp-content\/uploads\/2025\/08\/LISTADO-DE-JUBILADOS-ABRIL-2025.xlsx https:\/\/transparencia.pihuamo.gob.mx\/wp-content\/uploads\/2025\/08\/LISTADO-DE-JUBILADOS-MAYO-2025.xlsx","og_url":"https:\/\/transparencia.pihuamo.gob.mx\/index.php\/h-el-listado-de-jubilados-y-pensionados-y-el-monto-que-reciben\/","og_site_name":"TRANSPARENCIA PIHUAMO","article_modified_time":"2025-08-21T19:21:43+00:00","twitter_card":"summary_large_image","twitter_misc":{"Tiempo de lectura":"1 minuto"},"schema":{"@context":"https:\/\/schema.org","@graph":[{"@type":"WebPage","@id":"https:\/\/transparencia.pihuamo.gob.mx\/index.php\/h-el-listado-de-jubilados-y-pensionados-y-el-monto-que-reciben\/","url":"https:\/\/transparencia.pihuamo.gob.mx\/index.php\/h-el-listado-de-jubilados-y-pensionados-y-el-monto-que-reciben\/","name":"h) El listado de jubilados y pensionados y el monto que reciben; - TRANSPARENCIA PIHUAMO","isPartOf":{"@id":"https:\/\/transparencia.pihuamo.gob.mx\/#website"},"datePublished":"2025-08-19T15:42:04+00:00","dateModified":"2025-08-21T19:21:43+00:00","breadcrumb":{"@id":"https:\/\/transparencia.pihuamo.gob.mx\/index.php\/h-el-listado-de-jubilados-y-pensionados-y-el-monto-que-reciben\/#breadcrumb"},"inLanguage":"es","potentialAction":[{"@type":"ReadAction","target":["https:\/\/transparencia.pihuamo.gob.mx\/index.php\/h-el-listado-de-jubilados-y-pensionados-y-el-monto-que-reciben\/"]}]},{"@type":"BreadcrumbList","@id":"https:\/\/transparencia.pihuamo.gob.mx\/index.php\/h-el-listado-de-jubilados-y-pensionados-y-el-monto-que-reciben\/#breadcrumb","itemListElement":[{"@type":"ListItem","position":1,"name":"Portada","item":"https:\/\/transparencia.pihuamo.gob.mx\/"},{"@type":"ListItem","position":2,"name":"h) El listado de jubilados y pensionados y el monto que reciben;"}]},{"@type":"WebSite","@id":"https:\/\/transparencia.pihuamo.gob.mx\/#website","url":"https:\/\/transparencia.pihuamo.gob.mx\/","name":"TRANSPARENCIA PIHUAMO","description":"La Unidad de Transparencia del gobierno de Pihuamo, es el \u00e1rea encargada de recabar y difundir la informaci\u00f3n p\u00fablica relativa a las obligaciones de transparencia, recibir y dar tr\u00e1mite las solicitudes de acceso a la informaci\u00f3n.","publisher":{"@id":"https:\/\/transparencia.pihuamo.gob.mx\/#organization"},"potentialAction":[{"@type":"SearchAction","target":{"@type":"EntryPoint","urlTemplate":"https:\/\/transparencia.pihuamo.gob.mx\/?s={search_term_string}"},"query-input":{"@type":"PropertyValueSpecification","valueRequired":true,"valueName":"search_term_string"}}],"inLanguage":"es"},{"@type":"Organization","@id":"https:\/\/transparencia.pihuamo.gob.mx\/#organization","name":"TRANSPARENCIA PIHUAMO","url":"https:\/\/transparencia.pihuamo.gob.mx\/","logo":{"@type":"ImageObject","inLanguage":"es","@id":"https:\/\/transparencia.pihuamo.gob.mx\/#\/schema\/logo\/image\/","url":"https:\/\/transparencia.pihuamo.gob.mx\/wp-content\/uploads\/2025\/07\/cropped-LOGO-AYUNTAMIENTO_Mesa-de-trabajo-1-scaled-1.png","contentUrl":"https:\/\/transparencia.pihuamo.gob.mx\/wp-content\/uploads\/2025\/07\/cropped-LOGO-AYUNTAMIENTO_Mesa-de-trabajo-1-scaled-1.png","width":1976,"height":306,"caption":"TRANSPARENCIA PIHUAMO"},"image":{"@id":"https:\/\/transparencia.pihuamo.gob.mx\/#\/schema\/logo\/image\/"}}]}},"_links":{"self":[{"href":"https:\/\/transparencia.pihuamo.gob.mx\/index.php\/wp-json\/wp\/v2\/pages\/182","targetHints":{"allow":["GET"]}}],"collection":[{"href":"https:\/\/transparencia.pihuamo.gob.mx\/index.php\/wp-json\/wp\/v2\/pages"}],"about":[{"href":"https:\/\/transparencia.pihuamo.gob.mx\/index.php\/wp-json\/wp\/v2\/types\/page"}],"author":[{"embeddable":true,"href":"https:\/\/transparencia.pihuamo.gob.mx\/index.php\/wp-json\/wp\/v2\/users\/1"}],"replies":[{"embeddable":true,"href":"https:\/\/transparencia.pihuamo.gob.mx\/index.php\/wp-json\/wp\/v2\/comments?post=182"}],"version-history":[{"count":3,"href":"https:\/\/transparencia.pihuamo.gob.mx\/index.php\/wp-json\/wp\/v2\/pages\/182\/revisions"}],"predecessor-version":[{"id":266,"href":"https:\/\/transparencia.pihuamo.gob.mx\/index.php\/wp-json\/wp\/v2\/pages\/182\/revisions\/266"}],"wp:attachment":[{"href":"https:\/\/transparencia.pihuamo.gob.mx\/index.php\/wp-json\/wp\/v2\/media?parent=182"}],"curies":[{"name":"wp","href":"https:\/\/api.w.org\/{rel}","templated":true}]}}