{"id":225,"date":"2025-08-19T20:33:21","date_gmt":"2025-08-19T20:33:21","guid":{"rendered":"https:\/\/transparencia.pihuamo.gob.mx\/?page_id=225"},"modified":"2025-08-19T20:33:21","modified_gmt":"2025-08-19T20:33:21","slug":"r-los-inventarios-de-bienes-muebles-e-inmuebles-del-sujeto-obligado-de-cuando-menos-los-ultimos-tres-anos-donde-se-senale-cuando-menos-la-descripcion-el-valor-el-regimen-juridico-y-el-uso-o-afec","status":"publish","type":"page","link":"https:\/\/transparencia.pihuamo.gob.mx\/index.php\/r-los-inventarios-de-bienes-muebles-e-inmuebles-del-sujeto-obligado-de-cuando-menos-los-ultimos-tres-anos-donde-se-senale-cuando-menos-la-descripcion-el-valor-el-regimen-juridico-y-el-uso-o-afec\/","title":{"rendered":"r) Los inventarios de bienes muebles e inmuebles del sujeto obligado, de cuando menos los \u00faltimos tres a\u00f1os, donde se se\u00f1ale cuando menos la descripci\u00f3n, el valor, el r\u00e9gimen jur\u00eddico, y el uso o afectaci\u00f3n del bien;"},"content":{"rendered":"<p><a href=\"https:\/\/docs.google.com\/spreadsheets\/d\/1F3jjxM87Ronz-YBnHXppEsSyo3I7B4iX\/edit?gid=778885864#gid=778885864\">https:\/\/docs.google.com\/spreadsheets\/d\/1F3jjxM87Ronz-YBnHXppEsSyo3I7B4iX\/edit?gid=778885864#gid=778885864<\/a><\/p>\n<p><a href=\"https:\/\/docs.google.com\/spreadsheets\/d\/12OsEVb6kJIkS3rQ8ydy6PCyj7X7ibpON\/edit?gid=1174018786#gid=1174018786\">https:\/\/docs.google.com\/spreadsheets\/d\/12OsEVb6kJIkS3rQ8ydy6PCyj7X7ibpON\/edit?gid=1174018786#gid=1174018786<\/a><\/p>\n<p><a href=\"https:\/\/docs.google.com\/spreadsheets\/d\/1MP_fsVHgEt-oMYv-rEAumexIRMOxrArF\/edit?usp=sharing&amp;ouid=117477982099824504010&amp;rtpof=true&amp;sd=true\">https:\/\/docs.google.com\/spreadsheets\/d\/1MP_fsVHgEt-oMYv-rEAumexIRMOxrArF\/edit?usp=sharing&amp;ouid=117477982099824504010&amp;rtpof=true&amp;sd=true<\/a><\/p>\n","protected":false},"excerpt":{"rendered":"<p>https:\/\/docs.google.com\/spreadsheets\/d\/1F3jjxM87Ronz-YBnHXppEsSyo3I7B4iX\/edit?gid=778885864#gid=778885864 https:\/\/docs.google.com\/spreadsheets\/d\/12OsEVb6kJIkS3rQ8ydy6PCyj7X7ibpON\/edit?gid=1174018786#gid=1174018786 https:\/\/docs.google.com\/spreadsheets\/d\/1MP_fsVHgEt-oMYv-rEAumexIRMOxrArF\/edit?usp=sharing&amp;ouid=117477982099824504010&amp;rtpof=true&amp;sd=true<\/p>\n","protected":false},"author":1,"featured_media":0,"parent":0,"menu_order":0,"comment_status":"closed","ping_status":"closed","template":"","meta":{"footnotes":""},"class_list":["post-225","page","type-page","status-publish","hentry"],"yoast_head":"<!-- This site is optimized with the Yoast SEO plugin v25.5 - https:\/\/yoast.com\/wordpress\/plugins\/seo\/ -->\n<title>r) Los inventarios de bienes muebles e inmuebles del sujeto obligado, de cuando menos los \u00faltimos tres a\u00f1os, donde se se\u00f1ale cuando menos la descripci\u00f3n, el valor, el r\u00e9gimen jur\u00eddico, y el uso o afectaci\u00f3n del bien; - TRANSPARENCIA PIHUAMO<\/title>\n<meta name=\"robots\" content=\"index, follow, max-snippet:-1, max-image-preview:large, max-video-preview:-1\" \/>\n<link rel=\"canonical\" href=\"https:\/\/transparencia.pihuamo.gob.mx\/index.php\/r-los-inventarios-de-bienes-muebles-e-inmuebles-del-sujeto-obligado-de-cuando-menos-los-ultimos-tres-anos-donde-se-senale-cuando-menos-la-descripcion-el-valor-el-regimen-juridico-y-el-uso-o-afec\/\" \/>\n<meta property=\"og:locale\" content=\"es_ES\" \/>\n<meta property=\"og:type\" content=\"article\" \/>\n<meta property=\"og:title\" content=\"r) Los inventarios de bienes muebles e inmuebles del sujeto obligado, de cuando menos los \u00faltimos tres a\u00f1os, donde se se\u00f1ale cuando menos la descripci\u00f3n, el valor, el r\u00e9gimen jur\u00eddico, y el uso o afectaci\u00f3n del bien; - TRANSPARENCIA PIHUAMO\" \/>\n<meta property=\"og:description\" content=\"https:\/\/docs.google.com\/spreadsheets\/d\/1F3jjxM87Ronz-YBnHXppEsSyo3I7B4iX\/edit?gid=778885864#gid=778885864 https:\/\/docs.google.com\/spreadsheets\/d\/12OsEVb6kJIkS3rQ8ydy6PCyj7X7ibpON\/edit?gid=1174018786#gid=1174018786 https:\/\/docs.google.com\/spreadsheets\/d\/1MP_fsVHgEt-oMYv-rEAumexIRMOxrArF\/edit?usp=sharing&amp;ouid=117477982099824504010&amp;rtpof=true&amp;sd=true\" \/>\n<meta property=\"og:url\" content=\"https:\/\/transparencia.pihuamo.gob.mx\/index.php\/r-los-inventarios-de-bienes-muebles-e-inmuebles-del-sujeto-obligado-de-cuando-menos-los-ultimos-tres-anos-donde-se-senale-cuando-menos-la-descripcion-el-valor-el-regimen-juridico-y-el-uso-o-afec\/\" \/>\n<meta property=\"og:site_name\" content=\"TRANSPARENCIA PIHUAMO\" \/>\n<meta name=\"twitter:card\" content=\"summary_large_image\" \/>\n<meta name=\"twitter:label1\" content=\"Tiempo de lectura\" \/>\n\t<meta name=\"twitter:data1\" content=\"1 minuto\" \/>\n<script type=\"application\/ld+json\" class=\"yoast-schema-graph\">{\"@context\":\"https:\/\/schema.org\",\"@graph\":[{\"@type\":\"WebPage\",\"@id\":\"https:\/\/transparencia.pihuamo.gob.mx\/index.php\/r-los-inventarios-de-bienes-muebles-e-inmuebles-del-sujeto-obligado-de-cuando-menos-los-ultimos-tres-anos-donde-se-senale-cuando-menos-la-descripcion-el-valor-el-regimen-juridico-y-el-uso-o-afec\/\",\"url\":\"https:\/\/transparencia.pihuamo.gob.mx\/index.php\/r-los-inventarios-de-bienes-muebles-e-inmuebles-del-sujeto-obligado-de-cuando-menos-los-ultimos-tres-anos-donde-se-senale-cuando-menos-la-descripcion-el-valor-el-regimen-juridico-y-el-uso-o-afec\/\",\"name\":\"r) Los inventarios de bienes muebles e inmuebles del sujeto obligado, de cuando menos los \u00faltimos tres a\u00f1os, donde se se\u00f1ale cuando menos la descripci\u00f3n, el valor, el r\u00e9gimen jur\u00eddico, y el uso o afectaci\u00f3n del bien; - TRANSPARENCIA PIHUAMO\",\"isPartOf\":{\"@id\":\"https:\/\/transparencia.pihuamo.gob.mx\/#website\"},\"datePublished\":\"2025-08-19T20:33:21+00:00\",\"breadcrumb\":{\"@id\":\"https:\/\/transparencia.pihuamo.gob.mx\/index.php\/r-los-inventarios-de-bienes-muebles-e-inmuebles-del-sujeto-obligado-de-cuando-menos-los-ultimos-tres-anos-donde-se-senale-cuando-menos-la-descripcion-el-valor-el-regimen-juridico-y-el-uso-o-afec\/#breadcrumb\"},\"inLanguage\":\"es\",\"potentialAction\":[{\"@type\":\"ReadAction\",\"target\":[\"https:\/\/transparencia.pihuamo.gob.mx\/index.php\/r-los-inventarios-de-bienes-muebles-e-inmuebles-del-sujeto-obligado-de-cuando-menos-los-ultimos-tres-anos-donde-se-senale-cuando-menos-la-descripcion-el-valor-el-regimen-juridico-y-el-uso-o-afec\/\"]}]},{\"@type\":\"BreadcrumbList\",\"@id\":\"https:\/\/transparencia.pihuamo.gob.mx\/index.php\/r-los-inventarios-de-bienes-muebles-e-inmuebles-del-sujeto-obligado-de-cuando-menos-los-ultimos-tres-anos-donde-se-senale-cuando-menos-la-descripcion-el-valor-el-regimen-juridico-y-el-uso-o-afec\/#breadcrumb\",\"itemListElement\":[{\"@type\":\"ListItem\",\"position\":1,\"name\":\"Portada\",\"item\":\"https:\/\/transparencia.pihuamo.gob.mx\/\"},{\"@type\":\"ListItem\",\"position\":2,\"name\":\"r) Los inventarios de bienes muebles e inmuebles del sujeto obligado, de cuando menos los \u00faltimos tres a\u00f1os, donde se se\u00f1ale cuando menos la descripci\u00f3n, el valor, el r\u00e9gimen jur\u00eddico, y el uso o afectaci\u00f3n del bien;\"}]},{\"@type\":\"WebSite\",\"@id\":\"https:\/\/transparencia.pihuamo.gob.mx\/#website\",\"url\":\"https:\/\/transparencia.pihuamo.gob.mx\/\",\"name\":\"TRANSPARENCIA PIHUAMO\",\"description\":\"La Unidad de Transparencia del gobierno de Pihuamo, es el \u00e1rea encargada de recabar y difundir la informaci\u00f3n p\u00fablica relativa a las obligaciones de transparencia, recibir y dar tr\u00e1mite las solicitudes de acceso a la informaci\u00f3n.\",\"publisher\":{\"@id\":\"https:\/\/transparencia.pihuamo.gob.mx\/#organization\"},\"potentialAction\":[{\"@type\":\"SearchAction\",\"target\":{\"@type\":\"EntryPoint\",\"urlTemplate\":\"https:\/\/transparencia.pihuamo.gob.mx\/?s={search_term_string}\"},\"query-input\":{\"@type\":\"PropertyValueSpecification\",\"valueRequired\":true,\"valueName\":\"search_term_string\"}}],\"inLanguage\":\"es\"},{\"@type\":\"Organization\",\"@id\":\"https:\/\/transparencia.pihuamo.gob.mx\/#organization\",\"name\":\"TRANSPARENCIA PIHUAMO\",\"url\":\"https:\/\/transparencia.pihuamo.gob.mx\/\",\"logo\":{\"@type\":\"ImageObject\",\"inLanguage\":\"es\",\"@id\":\"https:\/\/transparencia.pihuamo.gob.mx\/#\/schema\/logo\/image\/\",\"url\":\"https:\/\/transparencia.pihuamo.gob.mx\/wp-content\/uploads\/2025\/07\/cropped-LOGO-AYUNTAMIENTO_Mesa-de-trabajo-1-scaled-1.png\",\"contentUrl\":\"https:\/\/transparencia.pihuamo.gob.mx\/wp-content\/uploads\/2025\/07\/cropped-LOGO-AYUNTAMIENTO_Mesa-de-trabajo-1-scaled-1.png\",\"width\":1976,\"height\":306,\"caption\":\"TRANSPARENCIA PIHUAMO\"},\"image\":{\"@id\":\"https:\/\/transparencia.pihuamo.gob.mx\/#\/schema\/logo\/image\/\"}}]}<\/script>\n<!-- \/ Yoast SEO plugin. -->","yoast_head_json":{"title":"r) Los inventarios de bienes muebles e inmuebles del sujeto obligado, de cuando menos los \u00faltimos tres a\u00f1os, donde se se\u00f1ale cuando menos la descripci\u00f3n, el valor, el r\u00e9gimen jur\u00eddico, y el uso o afectaci\u00f3n del bien; - TRANSPARENCIA PIHUAMO","robots":{"index":"index","follow":"follow","max-snippet":"max-snippet:-1","max-image-preview":"max-image-preview:large","max-video-preview":"max-video-preview:-1"},"canonical":"https:\/\/transparencia.pihuamo.gob.mx\/index.php\/r-los-inventarios-de-bienes-muebles-e-inmuebles-del-sujeto-obligado-de-cuando-menos-los-ultimos-tres-anos-donde-se-senale-cuando-menos-la-descripcion-el-valor-el-regimen-juridico-y-el-uso-o-afec\/","og_locale":"es_ES","og_type":"article","og_title":"r) Los inventarios de bienes muebles e inmuebles del sujeto obligado, de cuando menos los \u00faltimos tres a\u00f1os, donde se se\u00f1ale cuando menos la descripci\u00f3n, el valor, el r\u00e9gimen jur\u00eddico, y el uso o afectaci\u00f3n del bien; - TRANSPARENCIA PIHUAMO","og_description":"https:\/\/docs.google.com\/spreadsheets\/d\/1F3jjxM87Ronz-YBnHXppEsSyo3I7B4iX\/edit?gid=778885864#gid=778885864 https:\/\/docs.google.com\/spreadsheets\/d\/12OsEVb6kJIkS3rQ8ydy6PCyj7X7ibpON\/edit?gid=1174018786#gid=1174018786 https:\/\/docs.google.com\/spreadsheets\/d\/1MP_fsVHgEt-oMYv-rEAumexIRMOxrArF\/edit?usp=sharing&amp;ouid=117477982099824504010&amp;rtpof=true&amp;sd=true","og_url":"https:\/\/transparencia.pihuamo.gob.mx\/index.php\/r-los-inventarios-de-bienes-muebles-e-inmuebles-del-sujeto-obligado-de-cuando-menos-los-ultimos-tres-anos-donde-se-senale-cuando-menos-la-descripcion-el-valor-el-regimen-juridico-y-el-uso-o-afec\/","og_site_name":"TRANSPARENCIA PIHUAMO","twitter_card":"summary_large_image","twitter_misc":{"Tiempo de lectura":"1 minuto"},"schema":{"@context":"https:\/\/schema.org","@graph":[{"@type":"WebPage","@id":"https:\/\/transparencia.pihuamo.gob.mx\/index.php\/r-los-inventarios-de-bienes-muebles-e-inmuebles-del-sujeto-obligado-de-cuando-menos-los-ultimos-tres-anos-donde-se-senale-cuando-menos-la-descripcion-el-valor-el-regimen-juridico-y-el-uso-o-afec\/","url":"https:\/\/transparencia.pihuamo.gob.mx\/index.php\/r-los-inventarios-de-bienes-muebles-e-inmuebles-del-sujeto-obligado-de-cuando-menos-los-ultimos-tres-anos-donde-se-senale-cuando-menos-la-descripcion-el-valor-el-regimen-juridico-y-el-uso-o-afec\/","name":"r) Los inventarios de bienes muebles e inmuebles del sujeto obligado, de cuando menos los \u00faltimos tres a\u00f1os, donde se se\u00f1ale cuando menos la descripci\u00f3n, el valor, el r\u00e9gimen jur\u00eddico, y el uso o afectaci\u00f3n del bien; - TRANSPARENCIA PIHUAMO","isPartOf":{"@id":"https:\/\/transparencia.pihuamo.gob.mx\/#website"},"datePublished":"2025-08-19T20:33:21+00:00","breadcrumb":{"@id":"https:\/\/transparencia.pihuamo.gob.mx\/index.php\/r-los-inventarios-de-bienes-muebles-e-inmuebles-del-sujeto-obligado-de-cuando-menos-los-ultimos-tres-anos-donde-se-senale-cuando-menos-la-descripcion-el-valor-el-regimen-juridico-y-el-uso-o-afec\/#breadcrumb"},"inLanguage":"es","potentialAction":[{"@type":"ReadAction","target":["https:\/\/transparencia.pihuamo.gob.mx\/index.php\/r-los-inventarios-de-bienes-muebles-e-inmuebles-del-sujeto-obligado-de-cuando-menos-los-ultimos-tres-anos-donde-se-senale-cuando-menos-la-descripcion-el-valor-el-regimen-juridico-y-el-uso-o-afec\/"]}]},{"@type":"BreadcrumbList","@id":"https:\/\/transparencia.pihuamo.gob.mx\/index.php\/r-los-inventarios-de-bienes-muebles-e-inmuebles-del-sujeto-obligado-de-cuando-menos-los-ultimos-tres-anos-donde-se-senale-cuando-menos-la-descripcion-el-valor-el-regimen-juridico-y-el-uso-o-afec\/#breadcrumb","itemListElement":[{"@type":"ListItem","position":1,"name":"Portada","item":"https:\/\/transparencia.pihuamo.gob.mx\/"},{"@type":"ListItem","position":2,"name":"r) Los inventarios de bienes muebles e inmuebles del sujeto obligado, de cuando menos los \u00faltimos tres a\u00f1os, donde se se\u00f1ale cuando menos la descripci\u00f3n, el valor, el r\u00e9gimen jur\u00eddico, y el uso o afectaci\u00f3n del bien;"}]},{"@type":"WebSite","@id":"https:\/\/transparencia.pihuamo.gob.mx\/#website","url":"https:\/\/transparencia.pihuamo.gob.mx\/","name":"TRANSPARENCIA PIHUAMO","description":"La Unidad de Transparencia del gobierno de Pihuamo, es el \u00e1rea encargada de recabar y difundir la informaci\u00f3n p\u00fablica relativa a las obligaciones de transparencia, recibir y dar tr\u00e1mite las solicitudes de acceso a la informaci\u00f3n.","publisher":{"@id":"https:\/\/transparencia.pihuamo.gob.mx\/#organization"},"potentialAction":[{"@type":"SearchAction","target":{"@type":"EntryPoint","urlTemplate":"https:\/\/transparencia.pihuamo.gob.mx\/?s={search_term_string}"},"query-input":{"@type":"PropertyValueSpecification","valueRequired":true,"valueName":"search_term_string"}}],"inLanguage":"es"},{"@type":"Organization","@id":"https:\/\/transparencia.pihuamo.gob.mx\/#organization","name":"TRANSPARENCIA PIHUAMO","url":"https:\/\/transparencia.pihuamo.gob.mx\/","logo":{"@type":"ImageObject","inLanguage":"es","@id":"https:\/\/transparencia.pihuamo.gob.mx\/#\/schema\/logo\/image\/","url":"https:\/\/transparencia.pihuamo.gob.mx\/wp-content\/uploads\/2025\/07\/cropped-LOGO-AYUNTAMIENTO_Mesa-de-trabajo-1-scaled-1.png","contentUrl":"https:\/\/transparencia.pihuamo.gob.mx\/wp-content\/uploads\/2025\/07\/cropped-LOGO-AYUNTAMIENTO_Mesa-de-trabajo-1-scaled-1.png","width":1976,"height":306,"caption":"TRANSPARENCIA PIHUAMO"},"image":{"@id":"https:\/\/transparencia.pihuamo.gob.mx\/#\/schema\/logo\/image\/"}}]}},"_links":{"self":[{"href":"https:\/\/transparencia.pihuamo.gob.mx\/index.php\/wp-json\/wp\/v2\/pages\/225","targetHints":{"allow":["GET"]}}],"collection":[{"href":"https:\/\/transparencia.pihuamo.gob.mx\/index.php\/wp-json\/wp\/v2\/pages"}],"about":[{"href":"https:\/\/transparencia.pihuamo.gob.mx\/index.php\/wp-json\/wp\/v2\/types\/page"}],"author":[{"embeddable":true,"href":"https:\/\/transparencia.pihuamo.gob.mx\/index.php\/wp-json\/wp\/v2\/users\/1"}],"replies":[{"embeddable":true,"href":"https:\/\/transparencia.pihuamo.gob.mx\/index.php\/wp-json\/wp\/v2\/comments?post=225"}],"version-history":[{"count":1,"href":"https:\/\/transparencia.pihuamo.gob.mx\/index.php\/wp-json\/wp\/v2\/pages\/225\/revisions"}],"predecessor-version":[{"id":226,"href":"https:\/\/transparencia.pihuamo.gob.mx\/index.php\/wp-json\/wp\/v2\/pages\/225\/revisions\/226"}],"wp:attachment":[{"href":"https:\/\/transparencia.pihuamo.gob.mx\/index.php\/wp-json\/wp\/v2\/media?parent=225"}],"curies":[{"name":"wp","href":"https:\/\/api.w.org\/{rel}","templated":true}]}}