{"id":28,"date":"2025-07-24T21:09:27","date_gmt":"2025-07-24T21:09:27","guid":{"rendered":"https:\/\/transparencia.pihuamo.gob.mx\/?page_id=28"},"modified":"2025-07-24T21:11:55","modified_gmt":"2025-07-24T21:11:55","slug":"28-2","status":"publish","type":"page","link":"https:\/\/transparencia.pihuamo.gob.mx\/index.php\/28-2\/","title":{"rendered":"I. La necesaria para el ejercicio del derecho a la informaci\u00f3n p\u00fablica, que comprende:"},"content":{"rendered":"<p>a) La Ley General, la presente Ley y su Reglamento;<br \/>\nb) El reglamento interno para el manejo de la informaci\u00f3n p\u00fablica del sujeto obligado;<br \/>\nc) Los lineamientos estatales de clasificaci\u00f3n de informaci\u00f3n p\u00fablica, emitidos por el Instituto;<br \/>\nd) Los lineamientos estatales de publicaci\u00f3n y actualizaci\u00f3n de informaci\u00f3n fundamental, emitidos<br \/>\npor el Instituto;<br \/>\ne) Los lineamientos estatales de protecci\u00f3n de informaci\u00f3n confidencial y reservada, emitidos por<br \/>\nel Instituto;<br \/>\nf) Los lineamientos generales que emita el Sistema Nacional;<br \/>\ng) Las actas y resoluciones del Comit\u00e9 de Transparencia;<br \/>\nh) Direcci\u00f3n electr\u00f3nica donde podr\u00e1n recibirse las solicitudes de acceso a la informaci\u00f3n;<br \/>\ni) La denominaci\u00f3n, domicilio, tel\u00e9fonos, faxes, direcci\u00f3n electr\u00f3nica y correo electr\u00f3nico oficiales<br \/>\ndel sujeto obligado;<br \/>\nj) El directorio de todos los servidores p\u00fablicos del sujeto obligado, a partir del nivel de jefe de<br \/>\ndepartamento o su equivalente, o de menor nivel, cuando se brinde atenci\u00f3n al p\u00fablico; manejen o<br \/>\napliquen recursos p\u00fablicos; realicen actos de autoridad o presten servicios profesionales bajo el<br \/>\nr\u00e9gimen de confianza u honorarios y personal de base. El directorio deber\u00e1 incluir, al menos, el<br \/>\nnombre, cargo o nombramiento asignado, nivel del puesto en la estructura org\u00e1nica, fecha de alta<br \/>\nen el cargo, n\u00famero telef\u00f3nico, domicilio para recibir correspondencia y direcci\u00f3n de correo<br \/>\nelectr\u00f3nico oficiales;<br \/>\nk) El nombre del encargado y de los integrantes, tel\u00e9fono, fax y correo electr\u00f3nico del Comit\u00e9 de<br \/>\nTransparencia;<br \/>\nl) El nombre del encargado, tel\u00e9fono, fax y correo electr\u00f3nico de la Unidad;<br \/>\nm) El manual y formato de solicitud de informaci\u00f3n p\u00fablica;<br \/>\nn) \u00cdndice de los expedientes clasificados como reservados, por \u00e1rea responsable de la informaci\u00f3n<br \/>\ny tema; y<br \/>\n\u00f1) La estad\u00edstica de las solicitudes de informaci\u00f3n p\u00fablica atendidas, precisando las procedentes,<br \/>\nparcialmente procedentes e improcedentes; as\u00ed como la estad\u00edstica de visitas a su sistema de<br \/>\nconsulta electr\u00f3nica;<\/p>\n","protected":false},"excerpt":{"rendered":"<p>a) La Ley General, la presente Ley y su Reglamento; b) El reglamento interno para el manejo de la informaci\u00f3n p\u00fablica del sujeto obligado; c) Los lineamientos estatales de clasificaci\u00f3n de informaci\u00f3n p\u00fablica, emitidos por el Instituto; d) Los lineamientos estatales de publicaci\u00f3n y actualizaci\u00f3n de informaci\u00f3n fundamental, emitidos por el Instituto; e) Los lineamientos [&hellip;]<\/p>\n","protected":false},"author":1,"featured_media":0,"parent":0,"menu_order":0,"comment_status":"closed","ping_status":"closed","template":"","meta":{"footnotes":""},"class_list":["post-28","page","type-page","status-publish","hentry"],"yoast_head":"<!-- This site is optimized with the Yoast SEO plugin v25.5 - https:\/\/yoast.com\/wordpress\/plugins\/seo\/ -->\n<title>I. La necesaria para el ejercicio del derecho a la informaci\u00f3n p\u00fablica, que comprende: - TRANSPARENCIA PIHUAMO<\/title>\n<meta name=\"robots\" content=\"index, follow, max-snippet:-1, max-image-preview:large, max-video-preview:-1\" \/>\n<link rel=\"canonical\" href=\"https:\/\/transparencia.pihuamo.gob.mx\/index.php\/28-2\/\" \/>\n<meta property=\"og:locale\" content=\"es_ES\" \/>\n<meta property=\"og:type\" content=\"article\" \/>\n<meta property=\"og:title\" content=\"I. La necesaria para el ejercicio del derecho a la informaci\u00f3n p\u00fablica, que comprende: - TRANSPARENCIA PIHUAMO\" \/>\n<meta property=\"og:description\" content=\"a) La Ley General, la presente Ley y su Reglamento; b) El reglamento interno para el manejo de la informaci\u00f3n p\u00fablica del sujeto obligado; c) Los lineamientos estatales de clasificaci\u00f3n de informaci\u00f3n p\u00fablica, emitidos por el Instituto; d) Los lineamientos estatales de publicaci\u00f3n y actualizaci\u00f3n de informaci\u00f3n fundamental, emitidos por el Instituto; e) Los lineamientos [&hellip;]\" \/>\n<meta property=\"og:url\" content=\"https:\/\/transparencia.pihuamo.gob.mx\/index.php\/28-2\/\" \/>\n<meta property=\"og:site_name\" content=\"TRANSPARENCIA PIHUAMO\" \/>\n<meta property=\"article:modified_time\" content=\"2025-07-24T21:11:55+00:00\" \/>\n<meta name=\"twitter:card\" content=\"summary_large_image\" \/>\n<meta name=\"twitter:label1\" content=\"Tiempo de lectura\" \/>\n\t<meta name=\"twitter:data1\" content=\"2 minutos\" \/>\n<script type=\"application\/ld+json\" class=\"yoast-schema-graph\">{\"@context\":\"https:\/\/schema.org\",\"@graph\":[{\"@type\":\"WebPage\",\"@id\":\"https:\/\/transparencia.pihuamo.gob.mx\/index.php\/28-2\/\",\"url\":\"https:\/\/transparencia.pihuamo.gob.mx\/index.php\/28-2\/\",\"name\":\"I. La necesaria para el ejercicio del derecho a la informaci\u00f3n p\u00fablica, que comprende: - TRANSPARENCIA PIHUAMO\",\"isPartOf\":{\"@id\":\"https:\/\/transparencia.pihuamo.gob.mx\/#website\"},\"datePublished\":\"2025-07-24T21:09:27+00:00\",\"dateModified\":\"2025-07-24T21:11:55+00:00\",\"breadcrumb\":{\"@id\":\"https:\/\/transparencia.pihuamo.gob.mx\/index.php\/28-2\/#breadcrumb\"},\"inLanguage\":\"es\",\"potentialAction\":[{\"@type\":\"ReadAction\",\"target\":[\"https:\/\/transparencia.pihuamo.gob.mx\/index.php\/28-2\/\"]}]},{\"@type\":\"BreadcrumbList\",\"@id\":\"https:\/\/transparencia.pihuamo.gob.mx\/index.php\/28-2\/#breadcrumb\",\"itemListElement\":[{\"@type\":\"ListItem\",\"position\":1,\"name\":\"Portada\",\"item\":\"https:\/\/transparencia.pihuamo.gob.mx\/\"},{\"@type\":\"ListItem\",\"position\":2,\"name\":\"I. La necesaria para el ejercicio del derecho a la informaci\u00f3n p\u00fablica, que comprende:\"}]},{\"@type\":\"WebSite\",\"@id\":\"https:\/\/transparencia.pihuamo.gob.mx\/#website\",\"url\":\"https:\/\/transparencia.pihuamo.gob.mx\/\",\"name\":\"TRANSPARENCIA PIHUAMO\",\"description\":\"La Unidad de Transparencia del gobierno de Pihuamo, es el \u00e1rea encargada de recabar y difundir la informaci\u00f3n p\u00fablica relativa a las obligaciones de transparencia, recibir y dar tr\u00e1mite las solicitudes de acceso a la informaci\u00f3n.\",\"publisher\":{\"@id\":\"https:\/\/transparencia.pihuamo.gob.mx\/#organization\"},\"potentialAction\":[{\"@type\":\"SearchAction\",\"target\":{\"@type\":\"EntryPoint\",\"urlTemplate\":\"https:\/\/transparencia.pihuamo.gob.mx\/?s={search_term_string}\"},\"query-input\":{\"@type\":\"PropertyValueSpecification\",\"valueRequired\":true,\"valueName\":\"search_term_string\"}}],\"inLanguage\":\"es\"},{\"@type\":\"Organization\",\"@id\":\"https:\/\/transparencia.pihuamo.gob.mx\/#organization\",\"name\":\"TRANSPARENCIA PIHUAMO\",\"url\":\"https:\/\/transparencia.pihuamo.gob.mx\/\",\"logo\":{\"@type\":\"ImageObject\",\"inLanguage\":\"es\",\"@id\":\"https:\/\/transparencia.pihuamo.gob.mx\/#\/schema\/logo\/image\/\",\"url\":\"https:\/\/transparencia.pihuamo.gob.mx\/wp-content\/uploads\/2025\/07\/cropped-LOGO-AYUNTAMIENTO_Mesa-de-trabajo-1-scaled-1.png\",\"contentUrl\":\"https:\/\/transparencia.pihuamo.gob.mx\/wp-content\/uploads\/2025\/07\/cropped-LOGO-AYUNTAMIENTO_Mesa-de-trabajo-1-scaled-1.png\",\"width\":1976,\"height\":306,\"caption\":\"TRANSPARENCIA PIHUAMO\"},\"image\":{\"@id\":\"https:\/\/transparencia.pihuamo.gob.mx\/#\/schema\/logo\/image\/\"}}]}<\/script>\n<!-- \/ Yoast SEO plugin. -->","yoast_head_json":{"title":"I. La necesaria para el ejercicio del derecho a la informaci\u00f3n p\u00fablica, que comprende: - TRANSPARENCIA PIHUAMO","robots":{"index":"index","follow":"follow","max-snippet":"max-snippet:-1","max-image-preview":"max-image-preview:large","max-video-preview":"max-video-preview:-1"},"canonical":"https:\/\/transparencia.pihuamo.gob.mx\/index.php\/28-2\/","og_locale":"es_ES","og_type":"article","og_title":"I. La necesaria para el ejercicio del derecho a la informaci\u00f3n p\u00fablica, que comprende: - TRANSPARENCIA PIHUAMO","og_description":"a) La Ley General, la presente Ley y su Reglamento; b) El reglamento interno para el manejo de la informaci\u00f3n p\u00fablica del sujeto obligado; c) Los lineamientos estatales de clasificaci\u00f3n de informaci\u00f3n p\u00fablica, emitidos por el Instituto; d) Los lineamientos estatales de publicaci\u00f3n y actualizaci\u00f3n de informaci\u00f3n fundamental, emitidos por el Instituto; e) Los lineamientos [&hellip;]","og_url":"https:\/\/transparencia.pihuamo.gob.mx\/index.php\/28-2\/","og_site_name":"TRANSPARENCIA PIHUAMO","article_modified_time":"2025-07-24T21:11:55+00:00","twitter_card":"summary_large_image","twitter_misc":{"Tiempo de lectura":"2 minutos"},"schema":{"@context":"https:\/\/schema.org","@graph":[{"@type":"WebPage","@id":"https:\/\/transparencia.pihuamo.gob.mx\/index.php\/28-2\/","url":"https:\/\/transparencia.pihuamo.gob.mx\/index.php\/28-2\/","name":"I. La necesaria para el ejercicio del derecho a la informaci\u00f3n p\u00fablica, que comprende: - TRANSPARENCIA PIHUAMO","isPartOf":{"@id":"https:\/\/transparencia.pihuamo.gob.mx\/#website"},"datePublished":"2025-07-24T21:09:27+00:00","dateModified":"2025-07-24T21:11:55+00:00","breadcrumb":{"@id":"https:\/\/transparencia.pihuamo.gob.mx\/index.php\/28-2\/#breadcrumb"},"inLanguage":"es","potentialAction":[{"@type":"ReadAction","target":["https:\/\/transparencia.pihuamo.gob.mx\/index.php\/28-2\/"]}]},{"@type":"BreadcrumbList","@id":"https:\/\/transparencia.pihuamo.gob.mx\/index.php\/28-2\/#breadcrumb","itemListElement":[{"@type":"ListItem","position":1,"name":"Portada","item":"https:\/\/transparencia.pihuamo.gob.mx\/"},{"@type":"ListItem","position":2,"name":"I. La necesaria para el ejercicio del derecho a la informaci\u00f3n p\u00fablica, que comprende:"}]},{"@type":"WebSite","@id":"https:\/\/transparencia.pihuamo.gob.mx\/#website","url":"https:\/\/transparencia.pihuamo.gob.mx\/","name":"TRANSPARENCIA PIHUAMO","description":"La Unidad de Transparencia del gobierno de Pihuamo, es el \u00e1rea encargada de recabar y difundir la informaci\u00f3n p\u00fablica relativa a las obligaciones de transparencia, recibir y dar tr\u00e1mite las solicitudes de acceso a la informaci\u00f3n.","publisher":{"@id":"https:\/\/transparencia.pihuamo.gob.mx\/#organization"},"potentialAction":[{"@type":"SearchAction","target":{"@type":"EntryPoint","urlTemplate":"https:\/\/transparencia.pihuamo.gob.mx\/?s={search_term_string}"},"query-input":{"@type":"PropertyValueSpecification","valueRequired":true,"valueName":"search_term_string"}}],"inLanguage":"es"},{"@type":"Organization","@id":"https:\/\/transparencia.pihuamo.gob.mx\/#organization","name":"TRANSPARENCIA PIHUAMO","url":"https:\/\/transparencia.pihuamo.gob.mx\/","logo":{"@type":"ImageObject","inLanguage":"es","@id":"https:\/\/transparencia.pihuamo.gob.mx\/#\/schema\/logo\/image\/","url":"https:\/\/transparencia.pihuamo.gob.mx\/wp-content\/uploads\/2025\/07\/cropped-LOGO-AYUNTAMIENTO_Mesa-de-trabajo-1-scaled-1.png","contentUrl":"https:\/\/transparencia.pihuamo.gob.mx\/wp-content\/uploads\/2025\/07\/cropped-LOGO-AYUNTAMIENTO_Mesa-de-trabajo-1-scaled-1.png","width":1976,"height":306,"caption":"TRANSPARENCIA PIHUAMO"},"image":{"@id":"https:\/\/transparencia.pihuamo.gob.mx\/#\/schema\/logo\/image\/"}}]}},"_links":{"self":[{"href":"https:\/\/transparencia.pihuamo.gob.mx\/index.php\/wp-json\/wp\/v2\/pages\/28","targetHints":{"allow":["GET"]}}],"collection":[{"href":"https:\/\/transparencia.pihuamo.gob.mx\/index.php\/wp-json\/wp\/v2\/pages"}],"about":[{"href":"https:\/\/transparencia.pihuamo.gob.mx\/index.php\/wp-json\/wp\/v2\/types\/page"}],"author":[{"embeddable":true,"href":"https:\/\/transparencia.pihuamo.gob.mx\/index.php\/wp-json\/wp\/v2\/users\/1"}],"replies":[{"embeddable":true,"href":"https:\/\/transparencia.pihuamo.gob.mx\/index.php\/wp-json\/wp\/v2\/comments?post=28"}],"version-history":[{"count":2,"href":"https:\/\/transparencia.pihuamo.gob.mx\/index.php\/wp-json\/wp\/v2\/pages\/28\/revisions"}],"predecessor-version":[{"id":32,"href":"https:\/\/transparencia.pihuamo.gob.mx\/index.php\/wp-json\/wp\/v2\/pages\/28\/revisions\/32"}],"wp:attachment":[{"href":"https:\/\/transparencia.pihuamo.gob.mx\/index.php\/wp-json\/wp\/v2\/media?parent=28"}],"curies":[{"name":"wp","href":"https:\/\/api.w.org\/{rel}","templated":true}]}}