{"id":282,"date":"2025-09-03T14:38:21","date_gmt":"2025-09-03T14:38:21","guid":{"rendered":"https:\/\/transparencia.pihuamo.gob.mx\/?page_id=282"},"modified":"2025-09-03T14:38:21","modified_gmt":"2025-09-03T14:38:21","slug":"282-2","status":"publish","type":"page","link":"https:\/\/transparencia.pihuamo.gob.mx\/index.php\/282-2\/","title":{"rendered":""},"content":{"rendered":"<h4>MODIFICACI\u00d3N 2025<\/h4>\n<h4>SALA DE REGIDORES<\/h4>\n<p>&nbsp;<\/p>\n<h4>PRESIDENCIA MUNICIPAL<\/h4>\n<p>&nbsp;<\/p>\n<h4>JEFATURA DE GABINETE<\/h4>\n<p>&nbsp;<\/p>\n<h4>SECRETARIA GENERAL<\/h4>\n<p>&nbsp;<\/p>\n<h4>SINDICATURA<\/h4>\n<p>&nbsp;<\/p>\n<h4>DIRECCION GENERAL DE COMUNICACI\u00d3N SOCIAL Y DISE\u00d1O<\/h4>\n<p>&nbsp;<\/p>\n<h4>ENCARGADA DEL ORGANO INTERNO DE CONTROL<\/h4>\n<p>&nbsp;<\/p>\n<h4>OFICIALIA MAYOR ADMINISTRATIVA<\/h4>\n<p>&nbsp;<\/p>\n<h4>OFICIALIA DE REGISTRO CIVIL<\/h4>\n<p>&nbsp;<\/p>\n<h4>JUZGADO MUNICIPAL<\/h4>\n<p>&nbsp;<\/p>\n<h4>DIRECCION DE ARTE CULTURA Y DEPORTE<\/h4>\n<p>&nbsp;<\/p>\n<h4>DIRECCION DE DESARROLLO Y BIENESTAR MUNICIPAL<\/h4>\n<p>&nbsp;<\/p>\n<h4>HACIENDA PUBLICA MUNICIPAL<\/h4>\n<p>&nbsp;<\/p>\n<h4>DIRECCION DE CATASTRO MUNICIPAL<\/h4>\n<p>&nbsp;<\/p>\n<h4>COORDINACION DE GESTION DE TERRITORIO<\/h4>\n<p>&nbsp;<\/p>\n<h4>DIRECCION DE SERVICIOS PUBLICOS<\/h4>\n<p>&nbsp;<\/p>\n<h4>RASTRO MUNICIPAL<\/h4>\n<p>&nbsp;<\/p>\n<h4>DESARROLLO RURAL<\/h4>\n<p>&nbsp;<\/p>\n<h4>DIRECCION MUNICIPAL DE LA MUJER PIHUAMENSE<\/h4>\n<p>&nbsp;<\/p>\n<h4>COMISARIA Y PROTECCION CIVIL<\/h4>\n<p>&nbsp;<\/p>\n<h4>COMISARIA Y PROTECCION CIVIL<\/h4>\n<p>&nbsp;<\/p>\n<h4>DIF<\/h4>\n<p>&nbsp;<\/p>\n<h4>UBR<\/h4>\n<p>&nbsp;<\/p>\n<p>&nbsp;<\/p>\n","protected":false},"excerpt":{"rendered":"<p>MODIFICACI\u00d3N 2025 SALA DE REGIDORES &nbsp; PRESIDENCIA MUNICIPAL &nbsp; JEFATURA DE GABINETE &nbsp; SECRETARIA GENERAL &nbsp; SINDICATURA &nbsp; DIRECCION GENERAL DE COMUNICACI\u00d3N SOCIAL Y DISE\u00d1O &nbsp; ENCARGADA DEL ORGANO INTERNO DE CONTROL &nbsp; OFICIALIA MAYOR ADMINISTRATIVA &nbsp; OFICIALIA DE REGISTRO CIVIL &nbsp; JUZGADO MUNICIPAL &nbsp; DIRECCION DE ARTE CULTURA Y DEPORTE &nbsp; DIRECCION DE DESARROLLO [&hellip;]<\/p>\n","protected":false},"author":1,"featured_media":0,"parent":0,"menu_order":0,"comment_status":"closed","ping_status":"closed","template":"","meta":{"footnotes":""},"class_list":["post-282","page","type-page","status-publish","hentry"],"yoast_head":"<!-- This site is optimized with the Yoast SEO plugin v25.5 - https:\/\/yoast.com\/wordpress\/plugins\/seo\/ -->\n<title>- TRANSPARENCIA PIHUAMO<\/title>\n<meta name=\"robots\" content=\"index, follow, max-snippet:-1, max-image-preview:large, max-video-preview:-1\" \/>\n<link rel=\"canonical\" href=\"https:\/\/transparencia.pihuamo.gob.mx\/index.php\/282-2\/\" \/>\n<meta property=\"og:locale\" content=\"es_ES\" \/>\n<meta property=\"og:type\" content=\"article\" \/>\n<meta property=\"og:title\" content=\"- TRANSPARENCIA PIHUAMO\" \/>\n<meta property=\"og:description\" content=\"MODIFICACI\u00d3N 2025 SALA DE REGIDORES &nbsp; PRESIDENCIA MUNICIPAL &nbsp; JEFATURA DE GABINETE &nbsp; SECRETARIA GENERAL &nbsp; SINDICATURA &nbsp; DIRECCION GENERAL DE COMUNICACI\u00d3N SOCIAL Y DISE\u00d1O &nbsp; ENCARGADA DEL ORGANO INTERNO DE CONTROL &nbsp; OFICIALIA MAYOR ADMINISTRATIVA &nbsp; OFICIALIA DE REGISTRO CIVIL &nbsp; JUZGADO MUNICIPAL &nbsp; DIRECCION DE ARTE CULTURA Y DEPORTE &nbsp; DIRECCION DE DESARROLLO [&hellip;]\" \/>\n<meta property=\"og:url\" content=\"https:\/\/transparencia.pihuamo.gob.mx\/index.php\/282-2\/\" \/>\n<meta property=\"og:site_name\" content=\"TRANSPARENCIA PIHUAMO\" \/>\n<meta name=\"twitter:card\" content=\"summary_large_image\" \/>\n<meta name=\"twitter:label1\" content=\"Tiempo de lectura\" \/>\n\t<meta name=\"twitter:data1\" content=\"1 minuto\" \/>\n<script type=\"application\/ld+json\" class=\"yoast-schema-graph\">{\"@context\":\"https:\/\/schema.org\",\"@graph\":[{\"@type\":\"WebPage\",\"@id\":\"https:\/\/transparencia.pihuamo.gob.mx\/index.php\/282-2\/\",\"url\":\"https:\/\/transparencia.pihuamo.gob.mx\/index.php\/282-2\/\",\"name\":\"- TRANSPARENCIA PIHUAMO\",\"isPartOf\":{\"@id\":\"https:\/\/transparencia.pihuamo.gob.mx\/#website\"},\"datePublished\":\"2025-09-03T14:38:21+00:00\",\"inLanguage\":\"es\",\"potentialAction\":[{\"@type\":\"ReadAction\",\"target\":[\"https:\/\/transparencia.pihuamo.gob.mx\/index.php\/282-2\/\"]}]},{\"@type\":\"WebSite\",\"@id\":\"https:\/\/transparencia.pihuamo.gob.mx\/#website\",\"url\":\"https:\/\/transparencia.pihuamo.gob.mx\/\",\"name\":\"TRANSPARENCIA PIHUAMO\",\"description\":\"La Unidad de Transparencia del gobierno de Pihuamo, es el \u00e1rea encargada de recabar y difundir la informaci\u00f3n p\u00fablica relativa a las obligaciones de transparencia, recibir y dar tr\u00e1mite las solicitudes de acceso a la informaci\u00f3n.\",\"publisher\":{\"@id\":\"https:\/\/transparencia.pihuamo.gob.mx\/#organization\"},\"potentialAction\":[{\"@type\":\"SearchAction\",\"target\":{\"@type\":\"EntryPoint\",\"urlTemplate\":\"https:\/\/transparencia.pihuamo.gob.mx\/?s={search_term_string}\"},\"query-input\":{\"@type\":\"PropertyValueSpecification\",\"valueRequired\":true,\"valueName\":\"search_term_string\"}}],\"inLanguage\":\"es\"},{\"@type\":\"Organization\",\"@id\":\"https:\/\/transparencia.pihuamo.gob.mx\/#organization\",\"name\":\"TRANSPARENCIA PIHUAMO\",\"url\":\"https:\/\/transparencia.pihuamo.gob.mx\/\",\"logo\":{\"@type\":\"ImageObject\",\"inLanguage\":\"es\",\"@id\":\"https:\/\/transparencia.pihuamo.gob.mx\/#\/schema\/logo\/image\/\",\"url\":\"https:\/\/transparencia.pihuamo.gob.mx\/wp-content\/uploads\/2025\/07\/cropped-LOGO-AYUNTAMIENTO_Mesa-de-trabajo-1-scaled-1.png\",\"contentUrl\":\"https:\/\/transparencia.pihuamo.gob.mx\/wp-content\/uploads\/2025\/07\/cropped-LOGO-AYUNTAMIENTO_Mesa-de-trabajo-1-scaled-1.png\",\"width\":1976,\"height\":306,\"caption\":\"TRANSPARENCIA PIHUAMO\"},\"image\":{\"@id\":\"https:\/\/transparencia.pihuamo.gob.mx\/#\/schema\/logo\/image\/\"}}]}<\/script>\n<!-- \/ Yoast SEO plugin. -->","yoast_head_json":{"title":"- TRANSPARENCIA PIHUAMO","robots":{"index":"index","follow":"follow","max-snippet":"max-snippet:-1","max-image-preview":"max-image-preview:large","max-video-preview":"max-video-preview:-1"},"canonical":"https:\/\/transparencia.pihuamo.gob.mx\/index.php\/282-2\/","og_locale":"es_ES","og_type":"article","og_title":"- TRANSPARENCIA PIHUAMO","og_description":"MODIFICACI\u00d3N 2025 SALA DE REGIDORES &nbsp; PRESIDENCIA MUNICIPAL &nbsp; JEFATURA DE GABINETE &nbsp; SECRETARIA GENERAL &nbsp; SINDICATURA &nbsp; DIRECCION GENERAL DE COMUNICACI\u00d3N SOCIAL Y DISE\u00d1O &nbsp; ENCARGADA DEL ORGANO INTERNO DE CONTROL &nbsp; OFICIALIA MAYOR ADMINISTRATIVA &nbsp; OFICIALIA DE REGISTRO CIVIL &nbsp; JUZGADO MUNICIPAL &nbsp; DIRECCION DE ARTE CULTURA Y DEPORTE &nbsp; DIRECCION DE DESARROLLO [&hellip;]","og_url":"https:\/\/transparencia.pihuamo.gob.mx\/index.php\/282-2\/","og_site_name":"TRANSPARENCIA PIHUAMO","twitter_card":"summary_large_image","twitter_misc":{"Tiempo de lectura":"1 minuto"},"schema":{"@context":"https:\/\/schema.org","@graph":[{"@type":"WebPage","@id":"https:\/\/transparencia.pihuamo.gob.mx\/index.php\/282-2\/","url":"https:\/\/transparencia.pihuamo.gob.mx\/index.php\/282-2\/","name":"- TRANSPARENCIA PIHUAMO","isPartOf":{"@id":"https:\/\/transparencia.pihuamo.gob.mx\/#website"},"datePublished":"2025-09-03T14:38:21+00:00","inLanguage":"es","potentialAction":[{"@type":"ReadAction","target":["https:\/\/transparencia.pihuamo.gob.mx\/index.php\/282-2\/"]}]},{"@type":"WebSite","@id":"https:\/\/transparencia.pihuamo.gob.mx\/#website","url":"https:\/\/transparencia.pihuamo.gob.mx\/","name":"TRANSPARENCIA PIHUAMO","description":"La Unidad de Transparencia del gobierno de Pihuamo, es el \u00e1rea encargada de recabar y difundir la informaci\u00f3n p\u00fablica relativa a las obligaciones de transparencia, recibir y dar tr\u00e1mite las solicitudes de acceso a la informaci\u00f3n.","publisher":{"@id":"https:\/\/transparencia.pihuamo.gob.mx\/#organization"},"potentialAction":[{"@type":"SearchAction","target":{"@type":"EntryPoint","urlTemplate":"https:\/\/transparencia.pihuamo.gob.mx\/?s={search_term_string}"},"query-input":{"@type":"PropertyValueSpecification","valueRequired":true,"valueName":"search_term_string"}}],"inLanguage":"es"},{"@type":"Organization","@id":"https:\/\/transparencia.pihuamo.gob.mx\/#organization","name":"TRANSPARENCIA PIHUAMO","url":"https:\/\/transparencia.pihuamo.gob.mx\/","logo":{"@type":"ImageObject","inLanguage":"es","@id":"https:\/\/transparencia.pihuamo.gob.mx\/#\/schema\/logo\/image\/","url":"https:\/\/transparencia.pihuamo.gob.mx\/wp-content\/uploads\/2025\/07\/cropped-LOGO-AYUNTAMIENTO_Mesa-de-trabajo-1-scaled-1.png","contentUrl":"https:\/\/transparencia.pihuamo.gob.mx\/wp-content\/uploads\/2025\/07\/cropped-LOGO-AYUNTAMIENTO_Mesa-de-trabajo-1-scaled-1.png","width":1976,"height":306,"caption":"TRANSPARENCIA PIHUAMO"},"image":{"@id":"https:\/\/transparencia.pihuamo.gob.mx\/#\/schema\/logo\/image\/"}}]}},"_links":{"self":[{"href":"https:\/\/transparencia.pihuamo.gob.mx\/index.php\/wp-json\/wp\/v2\/pages\/282","targetHints":{"allow":["GET"]}}],"collection":[{"href":"https:\/\/transparencia.pihuamo.gob.mx\/index.php\/wp-json\/wp\/v2\/pages"}],"about":[{"href":"https:\/\/transparencia.pihuamo.gob.mx\/index.php\/wp-json\/wp\/v2\/types\/page"}],"author":[{"embeddable":true,"href":"https:\/\/transparencia.pihuamo.gob.mx\/index.php\/wp-json\/wp\/v2\/users\/1"}],"replies":[{"embeddable":true,"href":"https:\/\/transparencia.pihuamo.gob.mx\/index.php\/wp-json\/wp\/v2\/comments?post=282"}],"version-history":[{"count":1,"href":"https:\/\/transparencia.pihuamo.gob.mx\/index.php\/wp-json\/wp\/v2\/pages\/282\/revisions"}],"predecessor-version":[{"id":284,"href":"https:\/\/transparencia.pihuamo.gob.mx\/index.php\/wp-json\/wp\/v2\/pages\/282\/revisions\/284"}],"wp:attachment":[{"href":"https:\/\/transparencia.pihuamo.gob.mx\/index.php\/wp-json\/wp\/v2\/media?parent=282"}],"curies":[{"name":"wp","href":"https:\/\/api.w.org\/{rel}","templated":true}]}}