{"id":88,"date":"2025-08-05T19:51:15","date_gmt":"2025-08-05T19:51:15","guid":{"rendered":"https:\/\/transparencia.pihuamo.gob.mx\/?page_id=88"},"modified":"2025-08-05T19:51:15","modified_gmt":"2025-08-05T19:51:15","slug":"ii-la-informacion-sobre-el-marco-juridico-aplicable-al-y-por-el-sujeto-obligado-que-comprende-2","status":"publish","type":"page","link":"https:\/\/transparencia.pihuamo.gob.mx\/index.php\/ii-la-informacion-sobre-el-marco-juridico-aplicable-al-y-por-el-sujeto-obligado-que-comprende-2\/","title":{"rendered":"II. La informaci\u00f3n sobre el marco jur\u00eddico aplicable al y por el sujeto obligado, que comprende:"},"content":{"rendered":"<p>a) Las disposiciones de las Constituciones Pol\u00edticas Federal y Estatal;<br \/>\nb) Los tratados y convenciones internacionales suscritas por M\u00e9xico;<br \/>\nc) Las leyes federales y estatales;<br \/>\nd) Los reglamentos federales, estatales y municipales, y<br \/>\ne) Los decretos, acuerdos, criterios, pol\u00edticas, reglas de operaci\u00f3n y dem\u00e1s normas jur\u00eddicas<br \/>\ngenerales;<\/p>\n","protected":false},"excerpt":{"rendered":"<p>a) Las disposiciones de las Constituciones Pol\u00edticas Federal y Estatal; b) Los tratados y convenciones internacionales suscritas por M\u00e9xico; c) Las leyes federales y estatales; d) Los reglamentos federales, estatales y municipales, y e) Los decretos, acuerdos, criterios, pol\u00edticas, reglas de operaci\u00f3n y dem\u00e1s normas jur\u00eddicas generales;<\/p>\n","protected":false},"author":1,"featured_media":0,"parent":0,"menu_order":0,"comment_status":"closed","ping_status":"closed","template":"","meta":{"footnotes":""},"class_list":["post-88","page","type-page","status-publish","hentry"],"yoast_head":"<!-- This site is optimized with the Yoast SEO plugin v25.5 - https:\/\/yoast.com\/wordpress\/plugins\/seo\/ -->\n<title>II. La informaci\u00f3n sobre el marco jur\u00eddico aplicable al y por el sujeto obligado, que comprende: - TRANSPARENCIA PIHUAMO<\/title>\n<meta name=\"robots\" content=\"index, follow, max-snippet:-1, max-image-preview:large, max-video-preview:-1\" \/>\n<link rel=\"canonical\" href=\"https:\/\/transparencia.pihuamo.gob.mx\/index.php\/ii-la-informacion-sobre-el-marco-juridico-aplicable-al-y-por-el-sujeto-obligado-que-comprende-2\/\" \/>\n<meta property=\"og:locale\" content=\"es_ES\" \/>\n<meta property=\"og:type\" content=\"article\" \/>\n<meta property=\"og:title\" content=\"II. La informaci\u00f3n sobre el marco jur\u00eddico aplicable al y por el sujeto obligado, que comprende: - TRANSPARENCIA PIHUAMO\" \/>\n<meta property=\"og:description\" content=\"a) Las disposiciones de las Constituciones Pol\u00edticas Federal y Estatal; b) Los tratados y convenciones internacionales suscritas por M\u00e9xico; c) Las leyes federales y estatales; d) Los reglamentos federales, estatales y municipales, y e) Los decretos, acuerdos, criterios, pol\u00edticas, reglas de operaci\u00f3n y dem\u00e1s normas jur\u00eddicas generales;\" \/>\n<meta property=\"og:url\" content=\"https:\/\/transparencia.pihuamo.gob.mx\/index.php\/ii-la-informacion-sobre-el-marco-juridico-aplicable-al-y-por-el-sujeto-obligado-que-comprende-2\/\" \/>\n<meta property=\"og:site_name\" content=\"TRANSPARENCIA PIHUAMO\" \/>\n<meta name=\"twitter:card\" content=\"summary_large_image\" \/>\n<meta name=\"twitter:label1\" content=\"Tiempo de lectura\" \/>\n\t<meta name=\"twitter:data1\" content=\"1 minuto\" \/>\n<script type=\"application\/ld+json\" class=\"yoast-schema-graph\">{\"@context\":\"https:\/\/schema.org\",\"@graph\":[{\"@type\":\"WebPage\",\"@id\":\"https:\/\/transparencia.pihuamo.gob.mx\/index.php\/ii-la-informacion-sobre-el-marco-juridico-aplicable-al-y-por-el-sujeto-obligado-que-comprende-2\/\",\"url\":\"https:\/\/transparencia.pihuamo.gob.mx\/index.php\/ii-la-informacion-sobre-el-marco-juridico-aplicable-al-y-por-el-sujeto-obligado-que-comprende-2\/\",\"name\":\"II. La informaci\u00f3n sobre el marco jur\u00eddico aplicable al y por el sujeto obligado, que comprende: - TRANSPARENCIA PIHUAMO\",\"isPartOf\":{\"@id\":\"https:\/\/transparencia.pihuamo.gob.mx\/#website\"},\"datePublished\":\"2025-08-05T19:51:15+00:00\",\"breadcrumb\":{\"@id\":\"https:\/\/transparencia.pihuamo.gob.mx\/index.php\/ii-la-informacion-sobre-el-marco-juridico-aplicable-al-y-por-el-sujeto-obligado-que-comprende-2\/#breadcrumb\"},\"inLanguage\":\"es\",\"potentialAction\":[{\"@type\":\"ReadAction\",\"target\":[\"https:\/\/transparencia.pihuamo.gob.mx\/index.php\/ii-la-informacion-sobre-el-marco-juridico-aplicable-al-y-por-el-sujeto-obligado-que-comprende-2\/\"]}]},{\"@type\":\"BreadcrumbList\",\"@id\":\"https:\/\/transparencia.pihuamo.gob.mx\/index.php\/ii-la-informacion-sobre-el-marco-juridico-aplicable-al-y-por-el-sujeto-obligado-que-comprende-2\/#breadcrumb\",\"itemListElement\":[{\"@type\":\"ListItem\",\"position\":1,\"name\":\"Portada\",\"item\":\"https:\/\/transparencia.pihuamo.gob.mx\/\"},{\"@type\":\"ListItem\",\"position\":2,\"name\":\"II. La informaci\u00f3n sobre el marco jur\u00eddico aplicable al y por el sujeto obligado, que comprende:\"}]},{\"@type\":\"WebSite\",\"@id\":\"https:\/\/transparencia.pihuamo.gob.mx\/#website\",\"url\":\"https:\/\/transparencia.pihuamo.gob.mx\/\",\"name\":\"TRANSPARENCIA PIHUAMO\",\"description\":\"La Unidad de Transparencia del gobierno de Pihuamo, es el \u00e1rea encargada de recabar y difundir la informaci\u00f3n p\u00fablica relativa a las obligaciones de transparencia, recibir y dar tr\u00e1mite las solicitudes de acceso a la informaci\u00f3n.\",\"publisher\":{\"@id\":\"https:\/\/transparencia.pihuamo.gob.mx\/#organization\"},\"potentialAction\":[{\"@type\":\"SearchAction\",\"target\":{\"@type\":\"EntryPoint\",\"urlTemplate\":\"https:\/\/transparencia.pihuamo.gob.mx\/?s={search_term_string}\"},\"query-input\":{\"@type\":\"PropertyValueSpecification\",\"valueRequired\":true,\"valueName\":\"search_term_string\"}}],\"inLanguage\":\"es\"},{\"@type\":\"Organization\",\"@id\":\"https:\/\/transparencia.pihuamo.gob.mx\/#organization\",\"name\":\"TRANSPARENCIA PIHUAMO\",\"url\":\"https:\/\/transparencia.pihuamo.gob.mx\/\",\"logo\":{\"@type\":\"ImageObject\",\"inLanguage\":\"es\",\"@id\":\"https:\/\/transparencia.pihuamo.gob.mx\/#\/schema\/logo\/image\/\",\"url\":\"https:\/\/transparencia.pihuamo.gob.mx\/wp-content\/uploads\/2025\/07\/cropped-LOGO-AYUNTAMIENTO_Mesa-de-trabajo-1-scaled-1.png\",\"contentUrl\":\"https:\/\/transparencia.pihuamo.gob.mx\/wp-content\/uploads\/2025\/07\/cropped-LOGO-AYUNTAMIENTO_Mesa-de-trabajo-1-scaled-1.png\",\"width\":1976,\"height\":306,\"caption\":\"TRANSPARENCIA PIHUAMO\"},\"image\":{\"@id\":\"https:\/\/transparencia.pihuamo.gob.mx\/#\/schema\/logo\/image\/\"}}]}<\/script>\n<!-- \/ Yoast SEO plugin. -->","yoast_head_json":{"title":"II. La informaci\u00f3n sobre el marco jur\u00eddico aplicable al y por el sujeto obligado, que comprende: - TRANSPARENCIA PIHUAMO","robots":{"index":"index","follow":"follow","max-snippet":"max-snippet:-1","max-image-preview":"max-image-preview:large","max-video-preview":"max-video-preview:-1"},"canonical":"https:\/\/transparencia.pihuamo.gob.mx\/index.php\/ii-la-informacion-sobre-el-marco-juridico-aplicable-al-y-por-el-sujeto-obligado-que-comprende-2\/","og_locale":"es_ES","og_type":"article","og_title":"II. La informaci\u00f3n sobre el marco jur\u00eddico aplicable al y por el sujeto obligado, que comprende: - TRANSPARENCIA PIHUAMO","og_description":"a) Las disposiciones de las Constituciones Pol\u00edticas Federal y Estatal; b) Los tratados y convenciones internacionales suscritas por M\u00e9xico; c) Las leyes federales y estatales; d) Los reglamentos federales, estatales y municipales, y e) Los decretos, acuerdos, criterios, pol\u00edticas, reglas de operaci\u00f3n y dem\u00e1s normas jur\u00eddicas generales;","og_url":"https:\/\/transparencia.pihuamo.gob.mx\/index.php\/ii-la-informacion-sobre-el-marco-juridico-aplicable-al-y-por-el-sujeto-obligado-que-comprende-2\/","og_site_name":"TRANSPARENCIA PIHUAMO","twitter_card":"summary_large_image","twitter_misc":{"Tiempo de lectura":"1 minuto"},"schema":{"@context":"https:\/\/schema.org","@graph":[{"@type":"WebPage","@id":"https:\/\/transparencia.pihuamo.gob.mx\/index.php\/ii-la-informacion-sobre-el-marco-juridico-aplicable-al-y-por-el-sujeto-obligado-que-comprende-2\/","url":"https:\/\/transparencia.pihuamo.gob.mx\/index.php\/ii-la-informacion-sobre-el-marco-juridico-aplicable-al-y-por-el-sujeto-obligado-que-comprende-2\/","name":"II. La informaci\u00f3n sobre el marco jur\u00eddico aplicable al y por el sujeto obligado, que comprende: - TRANSPARENCIA PIHUAMO","isPartOf":{"@id":"https:\/\/transparencia.pihuamo.gob.mx\/#website"},"datePublished":"2025-08-05T19:51:15+00:00","breadcrumb":{"@id":"https:\/\/transparencia.pihuamo.gob.mx\/index.php\/ii-la-informacion-sobre-el-marco-juridico-aplicable-al-y-por-el-sujeto-obligado-que-comprende-2\/#breadcrumb"},"inLanguage":"es","potentialAction":[{"@type":"ReadAction","target":["https:\/\/transparencia.pihuamo.gob.mx\/index.php\/ii-la-informacion-sobre-el-marco-juridico-aplicable-al-y-por-el-sujeto-obligado-que-comprende-2\/"]}]},{"@type":"BreadcrumbList","@id":"https:\/\/transparencia.pihuamo.gob.mx\/index.php\/ii-la-informacion-sobre-el-marco-juridico-aplicable-al-y-por-el-sujeto-obligado-que-comprende-2\/#breadcrumb","itemListElement":[{"@type":"ListItem","position":1,"name":"Portada","item":"https:\/\/transparencia.pihuamo.gob.mx\/"},{"@type":"ListItem","position":2,"name":"II. La informaci\u00f3n sobre el marco jur\u00eddico aplicable al y por el sujeto obligado, que comprende:"}]},{"@type":"WebSite","@id":"https:\/\/transparencia.pihuamo.gob.mx\/#website","url":"https:\/\/transparencia.pihuamo.gob.mx\/","name":"TRANSPARENCIA PIHUAMO","description":"La Unidad de Transparencia del gobierno de Pihuamo, es el \u00e1rea encargada de recabar y difundir la informaci\u00f3n p\u00fablica relativa a las obligaciones de transparencia, recibir y dar tr\u00e1mite las solicitudes de acceso a la informaci\u00f3n.","publisher":{"@id":"https:\/\/transparencia.pihuamo.gob.mx\/#organization"},"potentialAction":[{"@type":"SearchAction","target":{"@type":"EntryPoint","urlTemplate":"https:\/\/transparencia.pihuamo.gob.mx\/?s={search_term_string}"},"query-input":{"@type":"PropertyValueSpecification","valueRequired":true,"valueName":"search_term_string"}}],"inLanguage":"es"},{"@type":"Organization","@id":"https:\/\/transparencia.pihuamo.gob.mx\/#organization","name":"TRANSPARENCIA PIHUAMO","url":"https:\/\/transparencia.pihuamo.gob.mx\/","logo":{"@type":"ImageObject","inLanguage":"es","@id":"https:\/\/transparencia.pihuamo.gob.mx\/#\/schema\/logo\/image\/","url":"https:\/\/transparencia.pihuamo.gob.mx\/wp-content\/uploads\/2025\/07\/cropped-LOGO-AYUNTAMIENTO_Mesa-de-trabajo-1-scaled-1.png","contentUrl":"https:\/\/transparencia.pihuamo.gob.mx\/wp-content\/uploads\/2025\/07\/cropped-LOGO-AYUNTAMIENTO_Mesa-de-trabajo-1-scaled-1.png","width":1976,"height":306,"caption":"TRANSPARENCIA PIHUAMO"},"image":{"@id":"https:\/\/transparencia.pihuamo.gob.mx\/#\/schema\/logo\/image\/"}}]}},"_links":{"self":[{"href":"https:\/\/transparencia.pihuamo.gob.mx\/index.php\/wp-json\/wp\/v2\/pages\/88","targetHints":{"allow":["GET"]}}],"collection":[{"href":"https:\/\/transparencia.pihuamo.gob.mx\/index.php\/wp-json\/wp\/v2\/pages"}],"about":[{"href":"https:\/\/transparencia.pihuamo.gob.mx\/index.php\/wp-json\/wp\/v2\/types\/page"}],"author":[{"embeddable":true,"href":"https:\/\/transparencia.pihuamo.gob.mx\/index.php\/wp-json\/wp\/v2\/users\/1"}],"replies":[{"embeddable":true,"href":"https:\/\/transparencia.pihuamo.gob.mx\/index.php\/wp-json\/wp\/v2\/comments?post=88"}],"version-history":[{"count":1,"href":"https:\/\/transparencia.pihuamo.gob.mx\/index.php\/wp-json\/wp\/v2\/pages\/88\/revisions"}],"predecessor-version":[{"id":89,"href":"https:\/\/transparencia.pihuamo.gob.mx\/index.php\/wp-json\/wp\/v2\/pages\/88\/revisions\/89"}],"wp:attachment":[{"href":"https:\/\/transparencia.pihuamo.gob.mx\/index.php\/wp-json\/wp\/v2\/media?parent=88"}],"curies":[{"name":"wp","href":"https:\/\/api.w.org\/{rel}","templated":true}]}}